{"id":10586,"date":"2022-01-26T17:46:24","date_gmt":"2022-01-26T14:46:24","guid":{"rendered":"https:\/\/firstpashacoffee.com\/olive-tea\/"},"modified":"2022-01-26T18:24:59","modified_gmt":"2022-01-26T15:24:59","slug":"kark-tea","status":"publish","type":"page","link":"https:\/\/firstpashacoffee.com\/tr\/kark-tea\/","title":{"rendered":"Kark \u00c7ay\u0131"},"content":{"rendered":"\t\t<div data-elementor-type=\"wp-page\" data-elementor-id=\"10586\" class=\"elementor elementor-10586 elementor-10577\" data-elementor-post-type=\"page\">\n\t\t\t\t\t\t<section class=\"elementor-section elementor-top-section elementor-element elementor-element-687b72b elementor-section-full_width elementor-section-height-default elementor-section-height-default\" data-id=\"687b72b\" data-element_type=\"section\" data-settings=\"{&quot;background_background&quot;:&quot;classic&quot;}\">\n\t\t\t\t\t\t<div class=\"elementor-container elementor-column-gap-default\">\n\t\t\t\t\t<div class=\"elementor-column elementor-col-100 elementor-top-column elementor-element elementor-element-ee72c2c\" data-id=\"ee72c2c\" data-element_type=\"column\">\n\t\t\t<div class=\"elementor-widget-wrap elementor-element-populated\">\n\t\t\t\t\t\t<section class=\"elementor-section elementor-inner-section elementor-element elementor-element-9e3b323 elementor-section-full_width elementor-section-height-default elementor-section-height-default\" data-id=\"9e3b323\" data-element_type=\"section\" data-settings=\"{&quot;background_background&quot;:&quot;video&quot;}\">\n\t\t\t\t\t\t<div class=\"elementor-container elementor-column-gap-default\">\n\t\t\t\t\t<div class=\"elementor-column elementor-col-100 elementor-inner-column elementor-element elementor-element-9cba24e\" data-id=\"9cba24e\" data-element_type=\"column\">\n\t\t\t<div class=\"elementor-widget-wrap elementor-element-populated\">\n\t\t\t\t\t\t<div class=\"elementor-element elementor-element-4706bfd elementor-widget elementor-widget-video\" data-id=\"4706bfd\" data-element_type=\"widget\" data-settings=\"{&quot;youtube_url&quot;:&quot;https:\\\/\\\/youtu.be\\\/b2QRqXmfrfw&quot;,&quot;autoplay&quot;:&quot;yes&quot;,&quot;mute&quot;:&quot;yes&quot;,&quot;loop&quot;:&quot;yes&quot;,&quot;video_type&quot;:&quot;youtube&quot;}\" data-widget_type=\"video.default\">\n\t\t\t\t<div class=\"elementor-widget-container\">\n\t\t\t\t\t<div class=\"elementor-wrapper elementor-open-inline\">\n\t\t\t<div class=\"elementor-video\"><\/div>\t\t<\/div>\n\t\t\t\t<\/div>\n\t\t\t\t<\/div>\n\t\t\t\t\t<\/div>\n\t\t<\/div>\n\t\t\t\t\t<\/div>\n\t\t<\/section>\n\t\t\t\t\t<\/div>\n\t\t<\/div>\n\t\t\t\t\t<\/div>\n\t\t<\/section>\n\t\t\t\t<section class=\"elementor-section elementor-top-section elementor-element elementor-element-bd120a9 elementor-section-full_width elementor-section-height-default elementor-section-height-default\" data-id=\"bd120a9\" data-element_type=\"section\" data-settings=\"{&quot;background_background&quot;:&quot;classic&quot;}\">\n\t\t\t\t\t\t<div class=\"elementor-container elementor-column-gap-default\">\n\t\t\t\t\t<div class=\"elementor-column elementor-col-100 elementor-top-column elementor-element elementor-element-712092a\" data-id=\"712092a\" data-element_type=\"column\" data-settings=\"{&quot;background_background&quot;:&quot;slideshow&quot;,&quot;background_slideshow_gallery&quot;:[],&quot;background_slideshow_loop&quot;:&quot;yes&quot;,&quot;background_slideshow_slide_duration&quot;:5000,&quot;background_slideshow_slide_transition&quot;:&quot;fade&quot;,&quot;background_slideshow_transition_duration&quot;:500}\">\n\t\t\t<div class=\"elementor-widget-wrap\">\n\t\t\t\t\t\t\t<\/div>\n\t\t<\/div>\n\t\t\t\t\t<\/div>\n\t\t<\/section>\n\t\t\t\t<section class=\"elementor-section elementor-top-section elementor-element elementor-element-86bc13a elementor-section-full_width karak elementor-section-height-default elementor-section-height-default\" data-id=\"86bc13a\" data-element_type=\"section\" data-settings=\"{&quot;background_background&quot;:&quot;classic&quot;}\">\n\t\t\t\t\t\t<div class=\"elementor-container elementor-column-gap-default\">\n\t\t\t\t\t<div class=\"elementor-column elementor-col-33 elementor-top-column elementor-element elementor-element-952917b\" data-id=\"952917b\" data-element_type=\"column\" data-settings=\"{&quot;background_background&quot;:&quot;classic&quot;}\">\n\t\t\t<div class=\"elementor-widget-wrap elementor-element-populated\">\n\t\t\t\t\t\t<div class=\"elementor-element elementor-element-17b7080 elementor-widget elementor-widget-image\" data-id=\"17b7080\" data-element_type=\"widget\" data-widget_type=\"image.default\">\n\t\t\t\t<div class=\"elementor-widget-container\">\n\t\t\t\t\t\t\t\t\t\t\t\t\t\t<a href=\"https:\/\/firstpashacoffee.com\/tr\/classic-kark-tea\/\">\n\t\t\t\t\t\t\t<img fetchpriority=\"high\" decoding=\"async\" width=\"300\" height=\"300\" src=\"https:\/\/firstpashacoffee.com\/wp-content\/uploads\/2022\/01\/Karak-Tea-Classic-100g-01-300x300.png\" class=\"attachment-medium size-medium wp-image-10116\" alt=\"\" srcset=\"https:\/\/firstpashacoffee.com\/wp-content\/uploads\/2022\/01\/Karak-Tea-Classic-100g-01-300x300.png 300w, https:\/\/firstpashacoffee.com\/wp-content\/uploads\/2022\/01\/Karak-Tea-Classic-100g-01-720x720.png 720w, https:\/\/firstpashacoffee.com\/wp-content\/uploads\/2022\/01\/Karak-Tea-Classic-100g-01-150x150.png 150w, https:\/\/firstpashacoffee.com\/wp-content\/uploads\/2022\/01\/Karak-Tea-Classic-100g-01-768x768.png 768w, https:\/\/firstpashacoffee.com\/wp-content\/uploads\/2022\/01\/Karak-Tea-Classic-100g-01-100x100.png 100w, https:\/\/firstpashacoffee.com\/wp-content\/uploads\/2022\/01\/Karak-Tea-Classic-100g-01-370x370.png 370w, https:\/\/firstpashacoffee.com\/wp-content\/uploads\/2022\/01\/Karak-Tea-Classic-100g-01-400x400.png 400w, https:\/\/firstpashacoffee.com\/wp-content\/uploads\/2022\/01\/Karak-Tea-Classic-100g-01-800x800.png 800w, https:\/\/firstpashacoffee.com\/wp-content\/uploads\/2022\/01\/Karak-Tea-Classic-100g-01.png 810w\" sizes=\"(max-width: 300px) 100vw, 300px\" \/>\t\t\t\t\t\t\t\t<\/a>\n\t\t\t\t\t\t\t\t\t\t\t\t\t<\/div>\n\t\t\t\t<\/div>\n\t\t\t\t<div class=\"elementor-element elementor-element-732b91e elementor-widget elementor-widget-image\" data-id=\"732b91e\" data-element_type=\"widget\" data-widget_type=\"image.default\">\n\t\t\t\t<div class=\"elementor-widget-container\">\n\t\t\t\t\t\t\t\t\t\t\t\t\t<img decoding=\"async\" width=\"300\" height=\"75\" src=\"https:\/\/firstpashacoffee.com\/wp-content\/uploads\/2020\/07\/Artboard-1-300x75-1.png\" class=\"attachment-full size-full wp-image-3809\" alt=\"\" \/>\t\t\t\t\t\t\t\t\t\t\t\t\t<\/div>\n\t\t\t\t<\/div>\n\t\t\t\t<div class=\"elementor-element elementor-element-e098bd0 elementor-widget elementor-widget-image\" data-id=\"e098bd0\" data-element_type=\"widget\" data-widget_type=\"image.default\">\n\t\t\t\t<div class=\"elementor-widget-container\">\n\t\t\t\t\t\t\t\t\t\t\t\t\t<img decoding=\"async\" width=\"720\" height=\"74\" src=\"https:\/\/firstpashacoffee.com\/wp-content\/uploads\/2020\/06\/\u0627\u0644\u0634\u0631\u064a\u0637-\u0627\u0644\u0627\u0633\u0644\u0627\u0645\u064a-720x74.jpg\" class=\"attachment-large size-large wp-image-3714\" alt=\"\" srcset=\"https:\/\/firstpashacoffee.com\/wp-content\/uploads\/2020\/06\/\u0627\u0644\u0634\u0631\u064a\u0637-\u0627\u0644\u0627\u0633\u0644\u0627\u0645\u064a-720x74.jpg 720w, https:\/\/firstpashacoffee.com\/wp-content\/uploads\/2020\/06\/\u0627\u0644\u0634\u0631\u064a\u0637-\u0627\u0644\u0627\u0633\u0644\u0627\u0645\u064a-300x31.jpg 300w, https:\/\/firstpashacoffee.com\/wp-content\/uploads\/2020\/06\/\u0627\u0644\u0634\u0631\u064a\u0637-\u0627\u0644\u0627\u0633\u0644\u0627\u0645\u064a-768x79.jpg 768w, https:\/\/firstpashacoffee.com\/wp-content\/uploads\/2020\/06\/\u0627\u0644\u0634\u0631\u064a\u0637-\u0627\u0644\u0627\u0633\u0644\u0627\u0645\u064a-370x38.jpg 370w, https:\/\/firstpashacoffee.com\/wp-content\/uploads\/2020\/06\/\u0627\u0644\u0634\u0631\u064a\u0637-\u0627\u0644\u0627\u0633\u0644\u0627\u0645\u064a-800x82.jpg 800w, https:\/\/firstpashacoffee.com\/wp-content\/uploads\/2020\/06\/\u0627\u0644\u0634\u0631\u064a\u0637-\u0627\u0644\u0627\u0633\u0644\u0627\u0645\u064a.jpg 1080w\" sizes=\"(max-width: 720px) 100vw, 720px\" \/>\t\t\t\t\t\t\t\t\t\t\t\t\t<\/div>\n\t\t\t\t<\/div>\n\t\t\t\t<div class=\"elementor-element elementor-element-493269b elementor-widget elementor-widget-text-editor\" data-id=\"493269b\" data-element_type=\"widget\" data-widget_type=\"text-editor.default\">\n\t\t\t\t<div class=\"elementor-widget-container\">\n\t\t\t\t\t\t\t<div class=\"elementor-element elementor-element-3eb4d30 elementor-widget elementor-widget-heading\" data-id=\"3eb4d30\" data-element_type=\"widget\" data-widget_type=\"heading.default\"><div class=\"elementor-widget-container\"><div class=\"elementor-element elementor-element-de67bd6 elementor-widget elementor-widget-text-editor\" data-id=\"de67bd6\" data-element_type=\"widget\" data-widget_type=\"text-editor.default\"><div class=\"elementor-widget-container\"><div class=\"elementor-text-editor elementor-clearfix\"><div class=\"elementor-element elementor-element-3eb4d30 elementor-widget elementor-widget-heading\" data-id=\"3eb4d30\" data-element_type=\"widget\" data-widget_type=\"heading.default\"><div class=\"elementor-widget-container\"><p><span style=\"color: #000000; font-size: 18pt;\"><strong>Klasik Kark \u00c7ay\u0131<\/strong><\/span><\/p><p><span style=\"color: #000000; font-size: 14pt;\">G\u00fc\u00e7l\u00fc ve enerjik olmak i\u00e7in Kark \u00e7ay\u0131n\u0131n kar\u015f\u0131 konulmaz orijinal tad\u0131yla g\u00fcne ba\u015flay\u0131n, \u00e7ok sa\u011fl\u0131kl\u0131 ve lezzetli bir i\u00e7ecektir, bu y\u00fczden Kark \u00e7ay\u0131n\u0131n orijinal tad\u0131 sizi daha ferahlats\u0131n.<\/span><\/p><\/div><\/div><\/div><\/div><\/div><\/div><\/div>\t\t\t\t\t\t<\/div>\n\t\t\t\t<\/div>\n\t\t\t\t\t<\/div>\n\t\t<\/div>\n\t\t\t\t<div class=\"elementor-column elementor-col-33 elementor-top-column elementor-element elementor-element-480d49c\" data-id=\"480d49c\" data-element_type=\"column\" data-settings=\"{&quot;background_background&quot;:&quot;classic&quot;}\">\n\t\t\t<div class=\"elementor-widget-wrap elementor-element-populated\">\n\t\t\t\t\t\t<div class=\"elementor-element elementor-element-186e323 elementor-widget elementor-widget-image\" data-id=\"186e323\" data-element_type=\"widget\" data-widget_type=\"image.default\">\n\t\t\t\t<div class=\"elementor-widget-container\">\n\t\t\t\t\t\t\t\t\t\t\t\t\t\t<a href=\"https:\/\/firstpashacoffee.com\/tr\/kark-tea-with-ginger\/\">\n\t\t\t\t\t\t\t<img loading=\"lazy\" decoding=\"async\" width=\"300\" height=\"300\" src=\"https:\/\/firstpashacoffee.com\/wp-content\/uploads\/2022\/01\/Karak-Tea-with-Ginger-100g-01-300x300.png\" class=\"attachment-medium size-medium wp-image-10239\" alt=\"\" srcset=\"https:\/\/firstpashacoffee.com\/wp-content\/uploads\/2022\/01\/Karak-Tea-with-Ginger-100g-01-300x300.png 300w, https:\/\/firstpashacoffee.com\/wp-content\/uploads\/2022\/01\/Karak-Tea-with-Ginger-100g-01-720x720.png 720w, https:\/\/firstpashacoffee.com\/wp-content\/uploads\/2022\/01\/Karak-Tea-with-Ginger-100g-01-150x150.png 150w, https:\/\/firstpashacoffee.com\/wp-content\/uploads\/2022\/01\/Karak-Tea-with-Ginger-100g-01-768x768.png 768w, https:\/\/firstpashacoffee.com\/wp-content\/uploads\/2022\/01\/Karak-Tea-with-Ginger-100g-01-100x100.png 100w, https:\/\/firstpashacoffee.com\/wp-content\/uploads\/2022\/01\/Karak-Tea-with-Ginger-100g-01-370x370.png 370w, https:\/\/firstpashacoffee.com\/wp-content\/uploads\/2022\/01\/Karak-Tea-with-Ginger-100g-01-400x400.png 400w, https:\/\/firstpashacoffee.com\/wp-content\/uploads\/2022\/01\/Karak-Tea-with-Ginger-100g-01-800x800.png 800w, https:\/\/firstpashacoffee.com\/wp-content\/uploads\/2022\/01\/Karak-Tea-with-Ginger-100g-01.png 810w\" sizes=\"(max-width: 300px) 100vw, 300px\" \/>\t\t\t\t\t\t\t\t<\/a>\n\t\t\t\t\t\t\t\t\t\t\t\t\t<\/div>\n\t\t\t\t<\/div>\n\t\t\t\t<div class=\"elementor-element elementor-element-e3877f6 elementor-widget elementor-widget-image\" data-id=\"e3877f6\" data-element_type=\"widget\" data-widget_type=\"image.default\">\n\t\t\t\t<div class=\"elementor-widget-container\">\n\t\t\t\t\t\t\t\t\t\t\t\t\t<img decoding=\"async\" width=\"300\" height=\"75\" src=\"https:\/\/firstpashacoffee.com\/wp-content\/uploads\/2020\/07\/Artboard-1-300x75-1.png\" class=\"attachment-full size-full wp-image-3809\" alt=\"\" \/>\t\t\t\t\t\t\t\t\t\t\t\t\t<\/div>\n\t\t\t\t<\/div>\n\t\t\t\t<div class=\"elementor-element elementor-element-5714075 elementor-widget elementor-widget-image\" data-id=\"5714075\" data-element_type=\"widget\" data-widget_type=\"image.default\">\n\t\t\t\t<div class=\"elementor-widget-container\">\n\t\t\t\t\t\t\t\t\t\t\t\t\t<img decoding=\"async\" width=\"720\" height=\"74\" src=\"https:\/\/firstpashacoffee.com\/wp-content\/uploads\/2020\/06\/\u0627\u0644\u0634\u0631\u064a\u0637-\u0627\u0644\u0627\u0633\u0644\u0627\u0645\u064a-720x74.jpg\" class=\"attachment-large size-large wp-image-3714\" alt=\"\" srcset=\"https:\/\/firstpashacoffee.com\/wp-content\/uploads\/2020\/06\/\u0627\u0644\u0634\u0631\u064a\u0637-\u0627\u0644\u0627\u0633\u0644\u0627\u0645\u064a-720x74.jpg 720w, https:\/\/firstpashacoffee.com\/wp-content\/uploads\/2020\/06\/\u0627\u0644\u0634\u0631\u064a\u0637-\u0627\u0644\u0627\u0633\u0644\u0627\u0645\u064a-300x31.jpg 300w, https:\/\/firstpashacoffee.com\/wp-content\/uploads\/2020\/06\/\u0627\u0644\u0634\u0631\u064a\u0637-\u0627\u0644\u0627\u0633\u0644\u0627\u0645\u064a-768x79.jpg 768w, https:\/\/firstpashacoffee.com\/wp-content\/uploads\/2020\/06\/\u0627\u0644\u0634\u0631\u064a\u0637-\u0627\u0644\u0627\u0633\u0644\u0627\u0645\u064a-370x38.jpg 370w, https:\/\/firstpashacoffee.com\/wp-content\/uploads\/2020\/06\/\u0627\u0644\u0634\u0631\u064a\u0637-\u0627\u0644\u0627\u0633\u0644\u0627\u0645\u064a-800x82.jpg 800w, https:\/\/firstpashacoffee.com\/wp-content\/uploads\/2020\/06\/\u0627\u0644\u0634\u0631\u064a\u0637-\u0627\u0644\u0627\u0633\u0644\u0627\u0645\u064a.jpg 1080w\" sizes=\"(max-width: 720px) 100vw, 720px\" \/>\t\t\t\t\t\t\t\t\t\t\t\t\t<\/div>\n\t\t\t\t<\/div>\n\t\t\t\t<div class=\"elementor-element elementor-element-0c40617 elementor-widget elementor-widget-text-editor\" data-id=\"0c40617\" data-element_type=\"widget\" data-widget_type=\"text-editor.default\">\n\t\t\t\t<div class=\"elementor-widget-container\">\n\t\t\t\t\t\t\t<div class=\"elementor-element elementor-element-3eb4d30 elementor-widget elementor-widget-heading\" data-id=\"3eb4d30\" data-element_type=\"widget\" data-widget_type=\"heading.default\"><div class=\"elementor-widget-container\"><div class=\"elementor-element elementor-element-5e354df elementor-widget elementor-widget-text-editor\" data-id=\"5e354df\" data-element_type=\"widget\" data-widget_type=\"text-editor.default\"><div class=\"elementor-widget-container\"><div class=\"elementor-text-editor elementor-clearfix\"><div class=\"elementor-element elementor-element-3eb4d30 elementor-widget elementor-widget-heading\" data-id=\"3eb4d30\" data-element_type=\"widget\" data-widget_type=\"heading.default\"><div class=\"elementor-widget-container\"><div class=\"elementor-element elementor-element-3eb4d30 elementor-widget elementor-widget-heading\" data-id=\"3eb4d30\" data-element_type=\"widget\" data-widget_type=\"heading.default\"><div class=\"elementor-widget-container\"><p><span style=\"font-size: 18pt; color: #000000;\"><strong>Zencefilli Kark \u00c7ay\u0131<br \/><\/strong><\/span><\/p><p><span style=\"color: #000000; font-size: 14pt;\">S\u0131cak, do\u011fal bir i\u00e7ecek ar\u0131yorsan\u0131z, size canl\u0131l\u0131k ve enerji vermek i\u00e7in %100 do\u011fal bile\u015fenlerin sa\u011fl\u0131kl\u0131 bir kar\u0131\u015f\u0131m\u0131yla yap\u0131lm\u0131\u015f, orijinal tad\u0131 ve g\u00fc\u00e7l\u00fc aromas\u0131n\u0131 taze bir lezzetle elde etmek i\u00e7in Karak Zencefil \u00e7ay\u0131 aray\u0131n.<\/span><\/p><\/div><\/div><\/div><\/div><\/div><\/div><\/div><\/div><\/div>\t\t\t\t\t\t<\/div>\n\t\t\t\t<\/div>\n\t\t\t\t\t<\/div>\n\t\t<\/div>\n\t\t\t\t<div class=\"elementor-column elementor-col-33 elementor-top-column elementor-element elementor-element-c848132\" data-id=\"c848132\" data-element_type=\"column\" data-settings=\"{&quot;background_background&quot;:&quot;classic&quot;}\">\n\t\t\t<div class=\"elementor-widget-wrap elementor-element-populated\">\n\t\t\t\t\t\t<div class=\"elementor-element elementor-element-2c6151d elementor-widget elementor-widget-image\" data-id=\"2c6151d\" data-element_type=\"widget\" data-widget_type=\"image.default\">\n\t\t\t\t<div class=\"elementor-widget-container\">\n\t\t\t\t\t\t\t\t\t\t\t\t\t\t<a href=\"https:\/\/firstpashacoffee.com\/tr\/kark-tea-with-saffron\/\">\n\t\t\t\t\t\t\t<img loading=\"lazy\" decoding=\"async\" width=\"300\" height=\"300\" src=\"https:\/\/firstpashacoffee.com\/wp-content\/uploads\/2022\/01\/Karak-Tea-with-Saffron-100g-01-300x300.png\" class=\"attachment-medium size-medium wp-image-10271\" alt=\"\" srcset=\"https:\/\/firstpashacoffee.com\/wp-content\/uploads\/2022\/01\/Karak-Tea-with-Saffron-100g-01-300x300.png 300w, https:\/\/firstpashacoffee.com\/wp-content\/uploads\/2022\/01\/Karak-Tea-with-Saffron-100g-01-720x720.png 720w, https:\/\/firstpashacoffee.com\/wp-content\/uploads\/2022\/01\/Karak-Tea-with-Saffron-100g-01-150x150.png 150w, https:\/\/firstpashacoffee.com\/wp-content\/uploads\/2022\/01\/Karak-Tea-with-Saffron-100g-01-768x768.png 768w, https:\/\/firstpashacoffee.com\/wp-content\/uploads\/2022\/01\/Karak-Tea-with-Saffron-100g-01-100x100.png 100w, https:\/\/firstpashacoffee.com\/wp-content\/uploads\/2022\/01\/Karak-Tea-with-Saffron-100g-01-370x370.png 370w, https:\/\/firstpashacoffee.com\/wp-content\/uploads\/2022\/01\/Karak-Tea-with-Saffron-100g-01-400x400.png 400w, https:\/\/firstpashacoffee.com\/wp-content\/uploads\/2022\/01\/Karak-Tea-with-Saffron-100g-01-800x800.png 800w, https:\/\/firstpashacoffee.com\/wp-content\/uploads\/2022\/01\/Karak-Tea-with-Saffron-100g-01.png 810w\" sizes=\"(max-width: 300px) 100vw, 300px\" \/>\t\t\t\t\t\t\t\t<\/a>\n\t\t\t\t\t\t\t\t\t\t\t\t\t<\/div>\n\t\t\t\t<\/div>\n\t\t\t\t<div class=\"elementor-element elementor-element-2bd0f99 elementor-widget elementor-widget-image\" data-id=\"2bd0f99\" data-element_type=\"widget\" data-widget_type=\"image.default\">\n\t\t\t\t<div class=\"elementor-widget-container\">\n\t\t\t\t\t\t\t\t\t\t\t\t\t<img decoding=\"async\" width=\"300\" height=\"75\" src=\"https:\/\/firstpashacoffee.com\/wp-content\/uploads\/2020\/07\/Artboard-1-300x75-1.png\" class=\"attachment-full size-full wp-image-3809\" alt=\"\" \/>\t\t\t\t\t\t\t\t\t\t\t\t\t<\/div>\n\t\t\t\t<\/div>\n\t\t\t\t<div class=\"elementor-element elementor-element-93355b2 elementor-widget elementor-widget-image\" data-id=\"93355b2\" data-element_type=\"widget\" data-widget_type=\"image.default\">\n\t\t\t\t<div class=\"elementor-widget-container\">\n\t\t\t\t\t\t\t\t\t\t\t\t\t<img decoding=\"async\" width=\"720\" height=\"74\" src=\"https:\/\/firstpashacoffee.com\/wp-content\/uploads\/2020\/06\/\u0627\u0644\u0634\u0631\u064a\u0637-\u0627\u0644\u0627\u0633\u0644\u0627\u0645\u064a-720x74.jpg\" class=\"attachment-large size-large wp-image-3714\" alt=\"\" srcset=\"https:\/\/firstpashacoffee.com\/wp-content\/uploads\/2020\/06\/\u0627\u0644\u0634\u0631\u064a\u0637-\u0627\u0644\u0627\u0633\u0644\u0627\u0645\u064a-720x74.jpg 720w, https:\/\/firstpashacoffee.com\/wp-content\/uploads\/2020\/06\/\u0627\u0644\u0634\u0631\u064a\u0637-\u0627\u0644\u0627\u0633\u0644\u0627\u0645\u064a-300x31.jpg 300w, https:\/\/firstpashacoffee.com\/wp-content\/uploads\/2020\/06\/\u0627\u0644\u0634\u0631\u064a\u0637-\u0627\u0644\u0627\u0633\u0644\u0627\u0645\u064a-768x79.jpg 768w, https:\/\/firstpashacoffee.com\/wp-content\/uploads\/2020\/06\/\u0627\u0644\u0634\u0631\u064a\u0637-\u0627\u0644\u0627\u0633\u0644\u0627\u0645\u064a-370x38.jpg 370w, https:\/\/firstpashacoffee.com\/wp-content\/uploads\/2020\/06\/\u0627\u0644\u0634\u0631\u064a\u0637-\u0627\u0644\u0627\u0633\u0644\u0627\u0645\u064a-800x82.jpg 800w, https:\/\/firstpashacoffee.com\/wp-content\/uploads\/2020\/06\/\u0627\u0644\u0634\u0631\u064a\u0637-\u0627\u0644\u0627\u0633\u0644\u0627\u0645\u064a.jpg 1080w\" sizes=\"(max-width: 720px) 100vw, 720px\" \/>\t\t\t\t\t\t\t\t\t\t\t\t\t<\/div>\n\t\t\t\t<\/div>\n\t\t\t\t<div class=\"elementor-element elementor-element-8253947 elementor-widget elementor-widget-text-editor\" data-id=\"8253947\" data-element_type=\"widget\" data-widget_type=\"text-editor.default\">\n\t\t\t\t<div class=\"elementor-widget-container\">\n\t\t\t\t\t\t\t<div class=\"elementor-element elementor-element-3eb4d30 elementor-widget elementor-widget-heading\" data-id=\"3eb4d30\" data-element_type=\"widget\" data-widget_type=\"heading.default\"><div class=\"elementor-widget-container\"><div class=\"elementor-element elementor-element-b34d6b0 elementor-widget elementor-widget-text-editor\" data-id=\"b34d6b0\" data-element_type=\"widget\" data-widget_type=\"text-editor.default\"><div class=\"elementor-widget-container\"><div class=\"elementor-text-editor elementor-clearfix\"><div class=\"elementor-element elementor-element-3eb4d30 elementor-widget elementor-widget-heading\" data-id=\"3eb4d30\" data-element_type=\"widget\" data-widget_type=\"heading.default\"><div class=\"elementor-widget-container\"><p><span style=\"font-size: 18pt; color: #000000;\"><strong>Safranl\u0131 kark \u00e7ay\u0131<\/strong><\/span><\/p><p><span style=\"color: #000000; font-size: 14pt;\">Orijinal safranl\u0131 Kark \u00e7ay\u0131 harika bir efsanevi tada sahiptir.\u0130\u00e7ti\u011finiz her barda\u011fa mahremiyet ve farkl\u0131l\u0131k katmak i\u00e7in do\u011fal baharatlar ile do\u011fal safran\u0131n kar\u0131\u015f\u0131m\u0131 e\u015fsiz bir \u00e7ayd\u0131r.<\/span><\/p><\/div><\/div><\/div><\/div><\/div><\/div><\/div>\t\t\t\t\t\t<\/div>\n\t\t\t\t<\/div>\n\t\t\t\t\t<\/div>\n\t\t<\/div>\n\t\t\t\t\t<\/div>\n\t\t<\/section>\n\t\t\t\t<\/div>\n\t\t","protected":false},"excerpt":{"rendered":"<p>Klasik Kark \u00c7ay\u0131 G\u00fc\u00e7l\u00fc ve enerjik olmak i\u00e7in Kark \u00e7ay\u0131n\u0131n kar\u015f\u0131 konulmaz orijinal tad\u0131yla g\u00fcne ba\u015flay\u0131n, \u00e7ok sa\u011fl\u0131kl\u0131 ve lezzetli bir i\u00e7ecektir, bu y\u00fczden Kark \u00e7ay\u0131n\u0131n orijinal tad\u0131 sizi daha ferahlats\u0131n. Zencefilli Kark \u00c7ay\u0131 S\u0131cak, do\u011fal bir i\u00e7ecek ar\u0131yorsan\u0131z, size canl\u0131l\u0131k ve enerji vermek i\u00e7in %100 do\u011fal bile\u015fenlerin sa\u011fl\u0131kl\u0131 bir kar\u0131\u015f\u0131m\u0131yla yap\u0131lm\u0131\u015f, orijinal tad\u0131 ve&hellip;<\/p>\n","protected":false},"author":1,"featured_media":0,"parent":0,"menu_order":0,"comment_status":"closed","ping_status":"closed","template":"template-homepage.php","meta":{"footnotes":""},"class_list":["post-10586","page","type-page","status-publish","hentry"],"_links":{"self":[{"href":"https:\/\/firstpashacoffee.com\/tr\/wp-json\/wp\/v2\/pages\/10586"}],"collection":[{"href":"https:\/\/firstpashacoffee.com\/tr\/wp-json\/wp\/v2\/pages"}],"about":[{"href":"https:\/\/firstpashacoffee.com\/tr\/wp-json\/wp\/v2\/types\/page"}],"author":[{"embeddable":true,"href":"https:\/\/firstpashacoffee.com\/tr\/wp-json\/wp\/v2\/users\/1"}],"replies":[{"embeddable":true,"href":"https:\/\/firstpashacoffee.com\/tr\/wp-json\/wp\/v2\/comments?post=10586"}],"version-history":[{"count":5,"href":"https:\/\/firstpashacoffee.com\/tr\/wp-json\/wp\/v2\/pages\/10586\/revisions"}],"predecessor-version":[{"id":10613,"href":"https:\/\/firstpashacoffee.com\/tr\/wp-json\/wp\/v2\/pages\/10586\/revisions\/10613"}],"wp:attachment":[{"href":"https:\/\/firstpashacoffee.com\/tr\/wp-json\/wp\/v2\/media?parent=10586"}],"curies":[{"name":"wp","href":"https:\/\/api.w.org\/{rel}","templated":true}]}}