{"id":13259,"date":"2024-05-21T13:49:43","date_gmt":"2024-05-21T10:49:43","guid":{"rendered":"https:\/\/firstpashacoffee.com\/oman-coffee\/"},"modified":"2024-07-02T14:50:53","modified_gmt":"2024-07-02T11:50:53","slug":"oman-coffee","status":"publish","type":"page","link":"https:\/\/firstpashacoffee.com\/tr\/oman-coffee\/","title":{"rendered":"umman kahvesi"},"content":{"rendered":"\t\t<div data-elementor-type=\"wp-page\" data-elementor-id=\"13259\" class=\"elementor elementor-13259 elementor-12509\" data-elementor-post-type=\"page\">\n\t\t\t\t\t\t<section class=\"elementor-section elementor-top-section elementor-element elementor-element-1faef9a elementor-section-full_width elementor-section-height-default elementor-section-height-default\" data-id=\"1faef9a\" data-element_type=\"section\" data-settings=\"{&quot;background_background&quot;:&quot;classic&quot;}\">\n\t\t\t\t\t\t<div class=\"elementor-container elementor-column-gap-default\">\n\t\t\t\t\t<div class=\"elementor-column elementor-col-100 elementor-top-column elementor-element elementor-element-5f2a0a0\" data-id=\"5f2a0a0\" data-element_type=\"column\">\n\t\t\t<div class=\"elementor-widget-wrap elementor-element-populated\">\n\t\t\t\t\t\t<section class=\"elementor-section elementor-inner-section elementor-element elementor-element-196edab elementor-section-full_width elementor-section-height-default elementor-section-height-default\" data-id=\"196edab\" data-element_type=\"section\">\n\t\t\t\t\t\t<div class=\"elementor-container elementor-column-gap-no\">\n\t\t\t\t\t<div class=\"elementor-column elementor-col-100 elementor-inner-column elementor-element elementor-element-2e8deed\" data-id=\"2e8deed\" data-element_type=\"column\">\n\t\t\t<div class=\"elementor-widget-wrap elementor-element-populated\">\n\t\t\t\t\t\t<div class=\"elementor-element elementor-element-1859205 elementor-widget elementor-widget-spacer\" data-id=\"1859205\" data-element_type=\"widget\" data-widget_type=\"spacer.default\">\n\t\t\t\t<div class=\"elementor-widget-container\">\n\t\t\t\t\t<div class=\"elementor-spacer\">\n\t\t\t<div class=\"elementor-spacer-inner\"><\/div>\n\t\t<\/div>\n\t\t\t\t<\/div>\n\t\t\t\t<\/div>\n\t\t\t\t<div class=\"elementor-element elementor-element-d6efdbc elementor-pagination-position-outside elementor-widget elementor-widget-image-carousel\" data-id=\"d6efdbc\" data-element_type=\"widget\" data-settings=\"{&quot;slides_to_show&quot;:&quot;1&quot;,&quot;navigation&quot;:&quot;dots&quot;,&quot;autoplay&quot;:&quot;yes&quot;,&quot;pause_on_hover&quot;:&quot;yes&quot;,&quot;pause_on_interaction&quot;:&quot;yes&quot;,&quot;autoplay_speed&quot;:5000,&quot;infinite&quot;:&quot;yes&quot;,&quot;effect&quot;:&quot;slide&quot;,&quot;speed&quot;:500}\" data-widget_type=\"image-carousel.default\">\n\t\t\t\t<div class=\"elementor-widget-container\">\n\t\t\t\t\t<div class=\"elementor-image-carousel-wrapper swiper\" dir=\"ltr\">\n\t\t\t<div class=\"elementor-image-carousel swiper-wrapper\" aria-live=\"off\">\n\t\t\t\t\t\t\t\t<div class=\"swiper-slide\" role=\"group\" aria-roledescription=\"slide\" aria-label=\"1 \/ 1\"><figure class=\"swiper-slide-inner\"><img decoding=\"async\" class=\"swiper-slide-image\" src=\"https:\/\/firstpashacoffee.com\/wp-content\/uploads\/2024\/07\/Oman-coffe-tr-scaled.jpg\" alt=\"Oman---coffe--tr\" \/><\/figure><\/div>\t\t\t<\/div>\n\t\t\t\t\t<\/div>\n\t\t\t\t<\/div>\n\t\t\t\t<\/div>\n\t\t\t\t\t<\/div>\n\t\t<\/div>\n\t\t\t\t\t<\/div>\n\t\t<\/section>\n\t\t\t\t\t<\/div>\n\t\t<\/div>\n\t\t\t\t\t<\/div>\n\t\t<\/section>\n\t\t\t\t<section class=\"elementor-section elementor-top-section elementor-element elementor-element-6479342 elementor-section-full_width elementor-section-height-default elementor-section-height-default\" data-id=\"6479342\" data-element_type=\"section\" data-settings=\"{&quot;background_background&quot;:&quot;classic&quot;}\">\n\t\t\t\t\t\t<div class=\"elementor-container elementor-column-gap-default\">\n\t\t\t\t\t<div class=\"elementor-column elementor-col-33 elementor-top-column elementor-element elementor-element-a5790ec\" data-id=\"a5790ec\" data-element_type=\"column\" data-settings=\"{&quot;background_background&quot;:&quot;classic&quot;}\">\n\t\t\t<div class=\"elementor-widget-wrap elementor-element-populated\">\n\t\t\t\t\t\t<div class=\"elementor-element elementor-element-1460915 elementor-widget elementor-widget-image\" data-id=\"1460915\" data-element_type=\"widget\" data-widget_type=\"image.default\">\n\t\t\t\t<div class=\"elementor-widget-container\">\n\t\t\t\t\t\t\t\t\t\t\t\t\t\t<a href=\"https:\/\/firstpashacoffee.com\/tr\/classic-omani-coffee\/\">\n\t\t\t\t\t\t\t<img fetchpriority=\"high\" decoding=\"async\" width=\"183\" height=\"300\" src=\"https:\/\/firstpashacoffee.com\/wp-content\/uploads\/2024\/06\/\u0642\u0647\u0648\u0629-\u0639\u0645\u0627\u0646\u064a\u0629-\u0643\u0644\u0627\u0633\u064a\u0643-183x300.png\" class=\"attachment-medium size-medium wp-image-12847\" alt=\"\" srcset=\"https:\/\/firstpashacoffee.com\/wp-content\/uploads\/2024\/06\/\u0642\u0647\u0648\u0629-\u0639\u0645\u0627\u0646\u064a\u0629-\u0643\u0644\u0627\u0633\u064a\u0643-183x300.png 183w, https:\/\/firstpashacoffee.com\/wp-content\/uploads\/2024\/06\/\u0642\u0647\u0648\u0629-\u0639\u0645\u0627\u0646\u064a\u0629-\u0643\u0644\u0627\u0633\u064a\u0643.png 274w\" sizes=\"(max-width: 183px) 100vw, 183px\" \/>\t\t\t\t\t\t\t\t<\/a>\n\t\t\t\t\t\t\t\t\t\t\t\t\t<\/div>\n\t\t\t\t<\/div>\n\t\t\t\t<div class=\"elementor-element elementor-element-1b4dfc6 elementor-widget elementor-widget-image\" data-id=\"1b4dfc6\" data-element_type=\"widget\" data-widget_type=\"image.default\">\n\t\t\t\t<div class=\"elementor-widget-container\">\n\t\t\t\t\t\t\t\t\t\t\t\t\t<img decoding=\"async\" width=\"300\" height=\"75\" src=\"https:\/\/firstpashacoffee.com\/wp-content\/uploads\/2020\/07\/Artboard-1-300x75-1.png\" class=\"attachment-medium size-medium wp-image-3809\" alt=\"\" \/>\t\t\t\t\t\t\t\t\t\t\t\t\t<\/div>\n\t\t\t\t<\/div>\n\t\t\t\t<div class=\"elementor-element elementor-element-1003214 elementor-widget elementor-widget-image\" data-id=\"1003214\" data-element_type=\"widget\" data-widget_type=\"image.default\">\n\t\t\t\t<div class=\"elementor-widget-container\">\n\t\t\t\t\t\t\t\t\t\t\t\t\t<img decoding=\"async\" width=\"720\" height=\"74\" src=\"https:\/\/firstpashacoffee.com\/wp-content\/uploads\/2020\/06\/\u0627\u0644\u0634\u0631\u064a\u0637-\u0627\u0644\u0627\u0633\u0644\u0627\u0645\u064a-720x74.jpg\" class=\"attachment-large size-large wp-image-3714\" alt=\"\" srcset=\"https:\/\/firstpashacoffee.com\/wp-content\/uploads\/2020\/06\/\u0627\u0644\u0634\u0631\u064a\u0637-\u0627\u0644\u0627\u0633\u0644\u0627\u0645\u064a-720x74.jpg 720w, https:\/\/firstpashacoffee.com\/wp-content\/uploads\/2020\/06\/\u0627\u0644\u0634\u0631\u064a\u0637-\u0627\u0644\u0627\u0633\u0644\u0627\u0645\u064a-300x31.jpg 300w, https:\/\/firstpashacoffee.com\/wp-content\/uploads\/2020\/06\/\u0627\u0644\u0634\u0631\u064a\u0637-\u0627\u0644\u0627\u0633\u0644\u0627\u0645\u064a-768x79.jpg 768w, https:\/\/firstpashacoffee.com\/wp-content\/uploads\/2020\/06\/\u0627\u0644\u0634\u0631\u064a\u0637-\u0627\u0644\u0627\u0633\u0644\u0627\u0645\u064a-370x38.jpg 370w, https:\/\/firstpashacoffee.com\/wp-content\/uploads\/2020\/06\/\u0627\u0644\u0634\u0631\u064a\u0637-\u0627\u0644\u0627\u0633\u0644\u0627\u0645\u064a-800x82.jpg 800w, https:\/\/firstpashacoffee.com\/wp-content\/uploads\/2020\/06\/\u0627\u0644\u0634\u0631\u064a\u0637-\u0627\u0644\u0627\u0633\u0644\u0627\u0645\u064a.jpg 1080w\" sizes=\"(max-width: 720px) 100vw, 720px\" \/>\t\t\t\t\t\t\t\t\t\t\t\t\t<\/div>\n\t\t\t\t<\/div>\n\t\t\t\t<div class=\"elementor-element elementor-element-3cfe7c7 elementor-widget elementor-widget-text-editor\" data-id=\"3cfe7c7\" data-element_type=\"widget\" data-widget_type=\"text-editor.default\">\n\t\t\t\t<div class=\"elementor-widget-container\">\n\t\t\t\t\t\t\t<div class=\"elementor-element elementor-element-3eb4d30 elementor-widget elementor-widget-heading\" data-id=\"3eb4d30\" data-element_type=\"widget\" data-widget_type=\"heading.default\"><div class=\"elementor-widget-container\"><div class=\"elementor-element elementor-element-3eb4d30 elementor-widget elementor-widget-heading\" data-id=\"3eb4d30\" data-element_type=\"widget\" data-widget_type=\"heading.default\"><div class=\"elementor-widget-container\"><p><span style=\"font-size: 18pt; color: #000000;\"><strong>Klasik Umman kahvesi<\/strong><\/span><\/p><p><span style=\"font-size: 14pt; color: #000000;\">Klasik kar\u0131\u015f\u0131m\u0131m\u0131zla Umman k\u00fclt\u00fcr\u00fcn\u00fcn g\u00fczelli\u011finin ve l\u00fcks\u00fcn\u00fcn tad\u0131n\u0131 \u00e7\u0131kar\u0131n. Y\u00fcksek kaliteli safran ve kakule ile kar\u0131\u015ft\u0131r\u0131lm\u0131\u015f otantik Yemen kahve \u00e7ekirdekleri ile yap\u0131lan bu kahve, gelenek ve lezzetin m\u00fckemmel bir dengesidir. \u0130lk Mocha Kahvesinden<\/span><\/p><\/div><\/div><\/div><\/div>\t\t\t\t\t\t<\/div>\n\t\t\t\t<\/div>\n\t\t\t\t\t<\/div>\n\t\t<\/div>\n\t\t\t\t<div class=\"elementor-column elementor-col-33 elementor-top-column elementor-element elementor-element-4f99b44\" data-id=\"4f99b44\" data-element_type=\"column\" data-settings=\"{&quot;background_background&quot;:&quot;classic&quot;}\">\n\t\t\t<div class=\"elementor-widget-wrap elementor-element-populated\">\n\t\t\t\t\t\t<div class=\"elementor-element elementor-element-9cd8fab elementor-widget elementor-widget-image\" data-id=\"9cd8fab\" data-element_type=\"widget\" data-widget_type=\"image.default\">\n\t\t\t\t<div class=\"elementor-widget-container\">\n\t\t\t\t\t\t\t\t\t\t\t\t\t\t<a href=\"https:\/\/firstpashacoffee.com\/tr\/omani-coffee-with-ginger\/\">\n\t\t\t\t\t\t\t<img loading=\"lazy\" decoding=\"async\" width=\"183\" height=\"300\" src=\"https:\/\/firstpashacoffee.com\/wp-content\/uploads\/2024\/06\/\u0642\u0647\u0648\u0629-\u0639\u0645\u0627\u0646\u064a\u0629-\u0632\u0646\u062c\u0628\u064a\u0644400\u063a\u0645-183x300.png\" class=\"attachment-medium size-medium wp-image-12901\" alt=\"\" srcset=\"https:\/\/firstpashacoffee.com\/wp-content\/uploads\/2024\/06\/\u0642\u0647\u0648\u0629-\u0639\u0645\u0627\u0646\u064a\u0629-\u0632\u0646\u062c\u0628\u064a\u0644400\u063a\u0645-183x300.png 183w, https:\/\/firstpashacoffee.com\/wp-content\/uploads\/2024\/06\/\u0642\u0647\u0648\u0629-\u0639\u0645\u0627\u0646\u064a\u0629-\u0632\u0646\u062c\u0628\u064a\u0644400\u063a\u0645.png 274w\" sizes=\"(max-width: 183px) 100vw, 183px\" \/>\t\t\t\t\t\t\t\t<\/a>\n\t\t\t\t\t\t\t\t\t\t\t\t\t<\/div>\n\t\t\t\t<\/div>\n\t\t\t\t<div class=\"elementor-element elementor-element-da675ff elementor-widget elementor-widget-image\" data-id=\"da675ff\" data-element_type=\"widget\" data-widget_type=\"image.default\">\n\t\t\t\t<div class=\"elementor-widget-container\">\n\t\t\t\t\t\t\t\t\t\t\t\t\t<img loading=\"lazy\" decoding=\"async\" width=\"300\" height=\"75\" src=\"https:\/\/firstpashacoffee.com\/wp-content\/uploads\/2020\/07\/Artboard-1-300x75-1.png\" class=\"attachment-full size-full wp-image-3809\" alt=\"\" \/>\t\t\t\t\t\t\t\t\t\t\t\t\t<\/div>\n\t\t\t\t<\/div>\n\t\t\t\t<div class=\"elementor-element elementor-element-c92e823 elementor-widget elementor-widget-image\" data-id=\"c92e823\" data-element_type=\"widget\" data-widget_type=\"image.default\">\n\t\t\t\t<div class=\"elementor-widget-container\">\n\t\t\t\t\t\t\t\t\t\t\t\t\t<img decoding=\"async\" width=\"720\" height=\"74\" src=\"https:\/\/firstpashacoffee.com\/wp-content\/uploads\/2020\/06\/\u0627\u0644\u0634\u0631\u064a\u0637-\u0627\u0644\u0627\u0633\u0644\u0627\u0645\u064a-720x74.jpg\" class=\"attachment-large size-large wp-image-3714\" alt=\"\" srcset=\"https:\/\/firstpashacoffee.com\/wp-content\/uploads\/2020\/06\/\u0627\u0644\u0634\u0631\u064a\u0637-\u0627\u0644\u0627\u0633\u0644\u0627\u0645\u064a-720x74.jpg 720w, https:\/\/firstpashacoffee.com\/wp-content\/uploads\/2020\/06\/\u0627\u0644\u0634\u0631\u064a\u0637-\u0627\u0644\u0627\u0633\u0644\u0627\u0645\u064a-300x31.jpg 300w, https:\/\/firstpashacoffee.com\/wp-content\/uploads\/2020\/06\/\u0627\u0644\u0634\u0631\u064a\u0637-\u0627\u0644\u0627\u0633\u0644\u0627\u0645\u064a-768x79.jpg 768w, https:\/\/firstpashacoffee.com\/wp-content\/uploads\/2020\/06\/\u0627\u0644\u0634\u0631\u064a\u0637-\u0627\u0644\u0627\u0633\u0644\u0627\u0645\u064a-370x38.jpg 370w, https:\/\/firstpashacoffee.com\/wp-content\/uploads\/2020\/06\/\u0627\u0644\u0634\u0631\u064a\u0637-\u0627\u0644\u0627\u0633\u0644\u0627\u0645\u064a-800x82.jpg 800w, https:\/\/firstpashacoffee.com\/wp-content\/uploads\/2020\/06\/\u0627\u0644\u0634\u0631\u064a\u0637-\u0627\u0644\u0627\u0633\u0644\u0627\u0645\u064a.jpg 1080w\" sizes=\"(max-width: 720px) 100vw, 720px\" \/>\t\t\t\t\t\t\t\t\t\t\t\t\t<\/div>\n\t\t\t\t<\/div>\n\t\t\t\t<div class=\"elementor-element elementor-element-e8d8cf7 elementor-widget elementor-widget-text-editor\" data-id=\"e8d8cf7\" data-element_type=\"widget\" data-widget_type=\"text-editor.default\">\n\t\t\t\t<div class=\"elementor-widget-container\">\n\t\t\t\t\t\t\t<div class=\"elementor-element elementor-element-3eb4d30 elementor-widget elementor-widget-heading\" data-id=\"3eb4d30\" data-element_type=\"widget\" data-widget_type=\"heading.default\"><div class=\"elementor-widget-container\"><div class=\"elementor-element elementor-element-3eb4d30 elementor-widget elementor-widget-heading\" data-id=\"3eb4d30\" data-element_type=\"widget\" data-widget_type=\"heading.default\"><div class=\"elementor-widget-container\"><p><span style=\"font-size: 18pt; color: #000000;\"><strong>Zencefilli Umman kahvesi<\/strong><\/span><\/p><p><span style=\"font-size: 14pt; color: #000000;\">Gelenek ve s\u0131cakl\u0131\u011f\u0131n zengin kar\u0131\u015f\u0131m\u0131yla Umman misafirperverli\u011finin kalbine do\u011fru bir yolculu\u011fa \u00e7\u0131k\u0131n. Otantik Yemen kahve \u00e7ekirdekleri ve aromatik zencefil dokunu\u015fuyla yap\u0131lan bu Umman lezzetinin ve k\u00fclt\u00fcr\u00fcn\u00fcn bir kutlamas\u0131d\u0131r. \u0130lk Mocha Kahvesinden<\/span><\/p><\/div><\/div><\/div><\/div>\t\t\t\t\t\t<\/div>\n\t\t\t\t<\/div>\n\t\t\t\t\t<\/div>\n\t\t<\/div>\n\t\t\t\t<div class=\"elementor-column elementor-col-33 elementor-top-column elementor-element elementor-element-11e02e9\" data-id=\"11e02e9\" data-element_type=\"column\" data-settings=\"{&quot;background_background&quot;:&quot;classic&quot;}\">\n\t\t\t<div class=\"elementor-widget-wrap elementor-element-populated\">\n\t\t\t\t\t\t<div class=\"elementor-element elementor-element-c749993 elementor-widget elementor-widget-image\" data-id=\"c749993\" data-element_type=\"widget\" data-widget_type=\"image.default\">\n\t\t\t\t<div class=\"elementor-widget-container\">\n\t\t\t\t\t\t\t\t\t\t\t\t\t\t<a href=\"https:\/\/firstpashacoffee.com\/tr\/omani-coffee-extra-gold\/\">\n\t\t\t\t\t\t\t<img loading=\"lazy\" decoding=\"async\" width=\"183\" height=\"300\" src=\"https:\/\/firstpashacoffee.com\/wp-content\/uploads\/2024\/06\/\u0642\u0647\u0648\u0629-\u0639\u0645\u0627\u0646\u064a\u0629-\u0642\u0647\u0648\u0629-\u0627\u0644\u0632\u064a\u062a\u0648\u0646750-183x300.png\" class=\"attachment-medium size-medium wp-image-12939\" alt=\"\" srcset=\"https:\/\/firstpashacoffee.com\/wp-content\/uploads\/2024\/06\/\u0642\u0647\u0648\u0629-\u0639\u0645\u0627\u0646\u064a\u0629-\u0642\u0647\u0648\u0629-\u0627\u0644\u0632\u064a\u062a\u0648\u0646750-183x300.png 183w, https:\/\/firstpashacoffee.com\/wp-content\/uploads\/2024\/06\/\u0642\u0647\u0648\u0629-\u0639\u0645\u0627\u0646\u064a\u0629-\u0642\u0647\u0648\u0629-\u0627\u0644\u0632\u064a\u062a\u0648\u0646750.png 274w\" sizes=\"(max-width: 183px) 100vw, 183px\" \/>\t\t\t\t\t\t\t\t<\/a>\n\t\t\t\t\t\t\t\t\t\t\t\t\t<\/div>\n\t\t\t\t<\/div>\n\t\t\t\t<div class=\"elementor-element elementor-element-8d62419 elementor-widget elementor-widget-image\" data-id=\"8d62419\" data-element_type=\"widget\" data-widget_type=\"image.default\">\n\t\t\t\t<div class=\"elementor-widget-container\">\n\t\t\t\t\t\t\t\t\t\t\t\t\t<img decoding=\"async\" width=\"300\" height=\"75\" src=\"https:\/\/firstpashacoffee.com\/wp-content\/uploads\/2020\/07\/Artboard-1-300x75-1.png\" class=\"attachment-medium size-medium wp-image-3809\" alt=\"\" \/>\t\t\t\t\t\t\t\t\t\t\t\t\t<\/div>\n\t\t\t\t<\/div>\n\t\t\t\t<div class=\"elementor-element elementor-element-8e827cc elementor-widget elementor-widget-image\" data-id=\"8e827cc\" data-element_type=\"widget\" data-widget_type=\"image.default\">\n\t\t\t\t<div class=\"elementor-widget-container\">\n\t\t\t\t\t\t\t\t\t\t\t\t\t<img decoding=\"async\" width=\"720\" height=\"74\" src=\"https:\/\/firstpashacoffee.com\/wp-content\/uploads\/2020\/06\/\u0627\u0644\u0634\u0631\u064a\u0637-\u0627\u0644\u0627\u0633\u0644\u0627\u0645\u064a-720x74.jpg\" class=\"attachment-large size-large wp-image-3714\" alt=\"\" srcset=\"https:\/\/firstpashacoffee.com\/wp-content\/uploads\/2020\/06\/\u0627\u0644\u0634\u0631\u064a\u0637-\u0627\u0644\u0627\u0633\u0644\u0627\u0645\u064a-720x74.jpg 720w, https:\/\/firstpashacoffee.com\/wp-content\/uploads\/2020\/06\/\u0627\u0644\u0634\u0631\u064a\u0637-\u0627\u0644\u0627\u0633\u0644\u0627\u0645\u064a-300x31.jpg 300w, https:\/\/firstpashacoffee.com\/wp-content\/uploads\/2020\/06\/\u0627\u0644\u0634\u0631\u064a\u0637-\u0627\u0644\u0627\u0633\u0644\u0627\u0645\u064a-768x79.jpg 768w, https:\/\/firstpashacoffee.com\/wp-content\/uploads\/2020\/06\/\u0627\u0644\u0634\u0631\u064a\u0637-\u0627\u0644\u0627\u0633\u0644\u0627\u0645\u064a-370x38.jpg 370w, https:\/\/firstpashacoffee.com\/wp-content\/uploads\/2020\/06\/\u0627\u0644\u0634\u0631\u064a\u0637-\u0627\u0644\u0627\u0633\u0644\u0627\u0645\u064a-800x82.jpg 800w, https:\/\/firstpashacoffee.com\/wp-content\/uploads\/2020\/06\/\u0627\u0644\u0634\u0631\u064a\u0637-\u0627\u0644\u0627\u0633\u0644\u0627\u0645\u064a.jpg 1080w\" sizes=\"(max-width: 720px) 100vw, 720px\" \/>\t\t\t\t\t\t\t\t\t\t\t\t\t<\/div>\n\t\t\t\t<\/div>\n\t\t\t\t<div class=\"elementor-element elementor-element-ed9cab7 elementor-widget elementor-widget-text-editor\" data-id=\"ed9cab7\" data-element_type=\"widget\" data-widget_type=\"text-editor.default\">\n\t\t\t\t<div class=\"elementor-widget-container\">\n\t\t\t\t\t\t\t<div class=\"elementor-element elementor-element-3eb4d30 elementor-widget elementor-widget-heading\" data-id=\"3eb4d30\" data-element_type=\"widget\" data-widget_type=\"heading.default\"><div class=\"elementor-widget-container\"><div class=\"elementor-element elementor-element-3eb4d30 elementor-widget elementor-widget-heading\" data-id=\"3eb4d30\" data-element_type=\"widget\" data-widget_type=\"heading.default\"><div class=\"elementor-widget-container\"><div class=\"elementor-element elementor-element-3eb4d30 elementor-widget elementor-widget-heading\" data-id=\"3eb4d30\" data-element_type=\"widget\" data-widget_type=\"heading.default\"><div class=\"elementor-widget-container\"><div class=\"elementor-element elementor-element-3eb4d30 elementor-widget elementor-widget-heading\" data-id=\"3eb4d30\" data-element_type=\"widget\" data-widget_type=\"heading.default\"><div class=\"elementor-widget-container\"><div class=\"elementor-element elementor-element-3eb4d30 elementor-widget elementor-widget-heading\" data-id=\"3eb4d30\" data-element_type=\"widget\" data-widget_type=\"heading.default\"><div class=\"elementor-widget-container\"><p><span style=\"font-size: 18pt; color: #000000;\"><strong>Ekstra alt\u0131n Umman kahvesi<\/strong><\/span><\/p><p><span style=\"color: #000000; font-size: 14pt;\">Zeytin tozuyla harmanlanm\u0131\u015f birinci s\u0131n\u0131f kahvemizle Umman miras\u0131n\u0131n zenginli\u011finin tad\u0131n\u0131 \u00e7\u0131kar\u0131n. Y\u00fcksek antioksidanlar\u0131n e\u015fsiz bir kar\u0131\u015f\u0131m\u0131, duyular\u0131n\u0131z i\u00e7in lezzetlidir. \u0130lk Mocha Kahvesinden.<\/span><\/p><\/div><\/div><\/div><\/div><\/div><\/div><\/div><\/div><\/div><\/div>\t\t\t\t\t\t<\/div>\n\t\t\t\t<\/div>\n\t\t\t\t\t<\/div>\n\t\t<\/div>\n\t\t\t\t\t<\/div>\n\t\t<\/section>\n\t\t\t\t<\/div>\n\t\t","protected":false},"excerpt":{"rendered":"<p>Klasik Umman kahvesi Klasik kar\u0131\u015f\u0131m\u0131m\u0131zla Umman k\u00fclt\u00fcr\u00fcn\u00fcn g\u00fczelli\u011finin ve l\u00fcks\u00fcn\u00fcn tad\u0131n\u0131 \u00e7\u0131kar\u0131n. Y\u00fcksek kaliteli safran ve kakule ile kar\u0131\u015ft\u0131r\u0131lm\u0131\u015f otantik Yemen kahve \u00e7ekirdekleri ile yap\u0131lan bu kahve, gelenek ve lezzetin m\u00fckemmel bir dengesidir. \u0130lk Mocha Kahvesinden Zencefilli Umman kahvesi Gelenek ve s\u0131cakl\u0131\u011f\u0131n zengin kar\u0131\u015f\u0131m\u0131yla Umman misafirperverli\u011finin kalbine do\u011fru bir yolculu\u011fa \u00e7\u0131k\u0131n. Otantik Yemen kahve \u00e7ekirdekleri&hellip;<\/p>\n","protected":false},"author":1,"featured_media":0,"parent":0,"menu_order":0,"comment_status":"closed","ping_status":"closed","template":"template-homepage.php","meta":{"footnotes":""},"class_list":["post-13259","page","type-page","status-publish","hentry"],"_links":{"self":[{"href":"https:\/\/firstpashacoffee.com\/tr\/wp-json\/wp\/v2\/pages\/13259"}],"collection":[{"href":"https:\/\/firstpashacoffee.com\/tr\/wp-json\/wp\/v2\/pages"}],"about":[{"href":"https:\/\/firstpashacoffee.com\/tr\/wp-json\/wp\/v2\/types\/page"}],"author":[{"embeddable":true,"href":"https:\/\/firstpashacoffee.com\/tr\/wp-json\/wp\/v2\/users\/1"}],"replies":[{"embeddable":true,"href":"https:\/\/firstpashacoffee.com\/tr\/wp-json\/wp\/v2\/comments?post=13259"}],"version-history":[{"count":4,"href":"https:\/\/firstpashacoffee.com\/tr\/wp-json\/wp\/v2\/pages\/13259\/revisions"}],"predecessor-version":[{"id":13267,"href":"https:\/\/firstpashacoffee.com\/tr\/wp-json\/wp\/v2\/pages\/13259\/revisions\/13267"}],"wp:attachment":[{"href":"https:\/\/firstpashacoffee.com\/tr\/wp-json\/wp\/v2\/media?parent=13259"}],"curies":[{"name":"wp","href":"https:\/\/api.w.org\/{rel}","templated":true}]}}