{"id":8942,"date":"2020-06-27T13:13:42","date_gmt":"2020-06-27T10:13:42","guid":{"rendered":"https:\/\/firstpashacoffee.com\/product\/mocha-yemen-green-5-kg\/"},"modified":"2020-09-23T04:20:30","modified_gmt":"2020-09-23T01:20:30","slug":"mocha-yemen-green-5-kg","status":"publish","type":"product","link":"https:\/\/firstpashacoffee.com\/tr\/urun\/mocha-yemen-green-5-kg\/","title":{"rendered":"Mocha Yemen (Arabika) a\u011f\u0131rl\u0131k 5 kg"},"content":{"rendered":"<p>Yemen Cumhuriyeti&#8217;nin bat\u0131 ve merkezi da\u011f s\u0131ralar\u0131 boyunca bir\u00e7ok da\u011fl\u0131k b\u00f6lgeden toplan\u0131r ve ticari kalitesi, en kuzeydeki Al-Matar, Al-Yafi ve Al-Khulani olmak \u00fczere Afrika kom\u015fu \u00fclkelerinin \u00fcr\u00fcnlerinden daha iyi bir kalite seviyesi olarak s\u0131n\u0131fland\u0131r\u0131l\u0131r.<\/p>\n<p>% 100 organik kahve<\/p>\n<p>Meyvelerin toplanmas\u0131 elle yap\u0131l\u0131r ve taneler koyu kahverengi veya koyu gri renge ula\u015f\u0131ncaya kadar y\u0131kanmadan g\u00fcne\u015fte ve geleneksel \u015fekilde kurutulur. Mocha Yemen, \u00e7ift\u00e7iler taraf\u0131ndan kurutulmu\u015f ve soyulmu\u015f veya soyulmamu\u015f olarak geliyor ve modern makinelerle soyup s\u0131ral\u0131yoruz.Bu \u00fcr\u00fcn sadece 14\/13 ve +15 boyutlar\u0131nda mevcuttur.<\/p>\n<p>Tatlar, onlardan gelen b\u00f6lgeye ba\u011fl\u0131 olarak farkl\u0131d\u0131r ve gurmeler i\u00e7in kabul edilebilir bir kar\u0131\u015f\u0131m olu\u015fturmak i\u00e7in farkl\u0131 tat ve kalite t\u00fcrlerini kar\u0131\u015ft\u0131rmak m\u00fcmk\u00fcnd\u00fcr.<\/p>\n<p>Art\u0131k her yudumla lezzet tutkusu ak\u0131\u015f\u0131n\u0131n tad\u0131n\u0131 \u00e7\u0131karabilirsiniz, zevkinizi zenginle\u015ftirecek ve her zaman daha fazlas\u0131n\u0131 istemenizi sa\u011flayacak k\u00fclt\u00fcrel miras\u0131m\u0131zd\u0131r.<\/p>\n<p><strong>\u00dclke \/ b\u00f6lge<\/strong><\/p>\n<p>Yemen \/ farkl\u0131 b\u00f6lgeler<\/p>\n<p><strong>Nesil<\/strong><\/p>\n<p>K\u0131v\u0131rc\u0131k, yuvarlak, elma \u015fekli ve odayni<\/p>\n<p><strong>\u0130\u015fleyi\u015f<\/strong><\/p>\n<p>Normal<\/p>\n<p><strong>Y\u00fckseklik<\/strong><\/p>\n<p>1500 &#8211; 2600<\/p>\n<p><strong>\u0130pucular<\/strong><\/p>\n<p>Meyve aromas\u0131, esmer \u015feker, hindistancevizi, \u00fcz\u00fcm ve tatl\u0131 aromalar.<\/p>\n","protected":false},"excerpt":{"rendered":"<p>Yemen Cumhuriyeti&#8217;nin bat\u0131 ve merkezi da\u011f s\u0131ralar\u0131 boyunca bir\u00e7ok da\u011fl\u0131k b\u00f6lgeden toplan\u0131r ve ticari kalitesi, en kuzeydeki Al-Matar, Al-Yafi ve Al-Khulani olmak \u00fczere Afrika kom\u015fu \u00fclkelerinin \u00fcr\u00fcnlerinden daha iyi bir kalite seviyesi olarak s\u0131n\u0131fland\u0131r\u0131l\u0131r.<\/p>\n","protected":false},"featured_media":2892,"comment_status":"open","ping_status":"closed","template":"","meta":[],"product_cat":[96,110],"product_tag":[],"class_list":{"0":"post-8942","1":"product","2":"type-product","3":"status-publish","4":"has-post-thumbnail","6":"product_cat-yemen-kahvesi","7":"product_cat-yesil-ozel-kahve","9":"first","10":"instock","11":"shipping-taxable","12":"product-type-simple","13":"col-xs-6 col-sm-4","14":"col-md-3 col-lg-3","15":"un-4-cols"},"_links":{"self":[{"href":"https:\/\/firstpashacoffee.com\/tr\/wp-json\/wp\/v2\/product\/8942"}],"collection":[{"href":"https:\/\/firstpashacoffee.com\/tr\/wp-json\/wp\/v2\/product"}],"about":[{"href":"https:\/\/firstpashacoffee.com\/tr\/wp-json\/wp\/v2\/types\/product"}],"replies":[{"embeddable":true,"href":"https:\/\/firstpashacoffee.com\/tr\/wp-json\/wp\/v2\/comments?post=8942"}],"version-history":[{"count":2,"href":"https:\/\/firstpashacoffee.com\/tr\/wp-json\/wp\/v2\/product\/8942\/revisions"}],"predecessor-version":[{"id":8947,"href":"https:\/\/firstpashacoffee.com\/tr\/wp-json\/wp\/v2\/product\/8942\/revisions\/8947"}],"wp:featuredmedia":[{"embeddable":true,"href":"https:\/\/firstpashacoffee.com\/tr\/wp-json\/wp\/v2\/media\/2892"}],"wp:attachment":[{"href":"https:\/\/firstpashacoffee.com\/tr\/wp-json\/wp\/v2\/media?parent=8942"}],"wp:term":[{"taxonomy":"product_cat","embeddable":true,"href":"https:\/\/firstpashacoffee.com\/tr\/wp-json\/wp\/v2\/product_cat?post=8942"},{"taxonomy":"product_tag","embeddable":true,"href":"https:\/\/firstpashacoffee.com\/tr\/wp-json\/wp\/v2\/product_tag?post=8942"}],"curies":[{"name":"wp","href":"https:\/\/api.w.org\/{rel}","templated":true}]}}