{"id":8948,"date":"2020-06-27T13:12:39","date_gmt":"2020-06-27T10:12:39","guid":{"rendered":"https:\/\/firstpashacoffee.com\/product\/harraz-fair-value-green-5-kg\/"},"modified":"2020-09-23T04:28:50","modified_gmt":"2020-09-23T01:28:50","slug":"harraz-fair-value-green-5-kg","status":"publish","type":"product","link":"https:\/\/firstpashacoffee.com\/tr\/urun\/harraz-fair-value-green-5-kg\/","title":{"rendered":"Harazi Fervelio  (Arabica) a\u011f\u0131rl\u0131k 5 kg"},"content":{"rendered":"<p>\u201cDaha \u00f6nce i\u00e7ti\u011fin t\u00fcm kahveyi unutman\u0131 sa\u011flayacakt\u0131r\u201d!!!<\/p>\n<p>Harazi Fervelio kahvesi, elit bir tarladan, \u00fcr\u00fcn\u00fcn tutarl\u0131 kalitede m\u00fc\u015fterilerimize uymam\u0131z\u0131 sa\u011flayan standart bir kalite seviyesine ula\u015fmas\u0131n\u0131 sa\u011flamak i\u00e7in \u015firketimizde kullan\u0131lan hasat ve kurutma standartlar\u0131n\u0131 korumak amac\u0131yla \u00e7ift\u00e7ileri destekleyici bir fiyatla topland\u0131\u011f\u0131 i\u00e7in adland\u0131r\u0131lm\u0131\u015ft\u0131r.<\/p>\n<p>Al-Harazi kahvesi, \u0131l\u0131ml\u0131 s\u0131cakl\u0131klar\u0131n ve nemin d\u00fc\u015f\u00fck oldu\u011fu deniz seviyesinden 1.800-2500 metre y\u00fckseklikte, Haraz&#8217;\u0131n da\u011fl\u0131k b\u00f6lgesinde yeti\u015ftirilir. Kahve a\u011fa\u00e7lar\u0131n\u0131 sulamak i\u00e7in kullan\u0131lan suyun kalitesi, da\u011fl\u0131k zirvelerdeki ya\u011fmur suyu, barajlar ve yukar\u0131 ak\u0131\u015f kaynaklar\u0131ndan gelmelerine ba\u011fl\u0131d\u0131r.Bu sular dengeli bir mineral bile\u015fimine sahiptir ve kahve meyvelerine tatl\u0131 ve e\u015fsiz bir tat verir. Bahsetti\u011fimiz t\u00fcm bunlar kahve kalitesinin en \u00f6nemli fakt\u00f6rleridir.<\/p>\n<p>% 100 organik kahve<\/p>\n<p>Kurutma i\u015flemi geleneksel olarak g\u00fcne\u015f alt\u0131nda yap\u0131l\u0131r ve genel olarak Al-Harazi kahvesi ve Yemen kahvesinin ay\u0131rt edici bir \u00f6zelli\u011fidir.Bu y\u00f6ntem, kahve kabu\u011funa uzun kurutma d\u00f6nemlerinde ek bir lezzet verir ve y\u0131kanm\u0131\u015f kahve ve mekanik y\u00f6ntemlerden daha \u00fcst\u00fcn bir do\u011fal lezzet yarat\u0131r. Kahve meyveleri, zeminden y\u00fckseltilmi\u015f yataklarda palmiye a\u011fa\u00e7lar\u0131ndan yap\u0131lan yataklara yerle\u015ftirilir ve kabuk y\u00fczeyinin g\u00fcne\u015f \u0131\u015f\u0131\u011f\u0131ndan e\u015fit \u015fans almas\u0131 i\u00e7in elle \u00e7ok dikkatli bir \u015fekilde d\u00f6nd\u00fcr\u00fcl\u00fcr, b\u00f6ylece i\u00e7 nem y\u00fczdesi gerekli seviyeye ula\u015f\u0131r.<\/p>\n<p>Art\u0131k her yudumla lezzet tutkusu ak\u0131\u015f\u0131n\u0131n tad\u0131n\u0131 \u00e7\u0131karabilirsiniz, zevkinizi zenginle\u015ftirecek ve her zaman daha fazlas\u0131n\u0131 istemenizi sa\u011flayacak k\u00fclt\u00fcrel miras\u0131m\u0131zd\u0131r.<\/p>\n<p><strong>\u00dclke \/ b\u00f6lge<\/strong><\/p>\n<p>Yemen \/ Haraz<\/p>\n<p>&nbsp;<\/p>\n<p><strong>Nesil<\/strong><\/p>\n<p>K\u0131v\u0131rc\u0131k, yuvarlak ve elma \u015fekli<\/p>\n<p><strong>\u0130\u015fleyi\u015f<\/strong><\/p>\n<p>Normal<\/p>\n<p><strong>Y\u00fckseklik<\/strong><\/p>\n<p>1800 \u2013 2500<\/p>\n<p><strong>\u0130pucular<\/strong><\/p>\n<p>Karma\u015f\u0131k lezzetler, meyan k\u00f6k\u00fc, erik, ahududu, \u00e7ikolata, ananas, portakal.<\/p>\n","protected":false},"excerpt":{"rendered":"<p>Harazi Fervelio \u00a0kahvesi, elit bir tarladan, \u00fcr\u00fcn\u00fcn tutarl\u0131 kalitede m\u00fc\u015fterilerimize uymam\u0131z\u0131 sa\u011flayan standart bir kalite seviyesine ula\u015fmas\u0131n\u0131 sa\u011flamak i\u00e7in \u015firketimizde kullan\u0131lan hasat ve kurutma standartlar\u0131n\u0131 korumak amac\u0131yla \u00e7ift\u00e7ileri destekleyici bir fiyatla topland\u0131\u011f\u0131 i\u00e7in adland\u0131r\u0131lm\u0131\u015ft\u0131r.<\/p>\n","protected":false},"featured_media":2889,"comment_status":"open","ping_status":"closed","template":"","meta":[],"product_cat":[96,110],"product_tag":[],"class_list":{"0":"post-8948","1":"product","2":"type-product","3":"status-publish","4":"has-post-thumbnail","6":"product_cat-yemen-kahvesi","7":"product_cat-yesil-ozel-kahve","9":"first","10":"instock","11":"shipping-taxable","12":"product-type-simple","13":"col-xs-6 col-sm-4","14":"col-md-3 col-lg-3","15":"un-4-cols"},"_links":{"self":[{"href":"https:\/\/firstpashacoffee.com\/tr\/wp-json\/wp\/v2\/product\/8948"}],"collection":[{"href":"https:\/\/firstpashacoffee.com\/tr\/wp-json\/wp\/v2\/product"}],"about":[{"href":"https:\/\/firstpashacoffee.com\/tr\/wp-json\/wp\/v2\/types\/product"}],"replies":[{"embeddable":true,"href":"https:\/\/firstpashacoffee.com\/tr\/wp-json\/wp\/v2\/comments?post=8948"}],"version-history":[{"count":2,"href":"https:\/\/firstpashacoffee.com\/tr\/wp-json\/wp\/v2\/product\/8948\/revisions"}],"predecessor-version":[{"id":8953,"href":"https:\/\/firstpashacoffee.com\/tr\/wp-json\/wp\/v2\/product\/8948\/revisions\/8953"}],"wp:featuredmedia":[{"embeddable":true,"href":"https:\/\/firstpashacoffee.com\/tr\/wp-json\/wp\/v2\/media\/2889"}],"wp:attachment":[{"href":"https:\/\/firstpashacoffee.com\/tr\/wp-json\/wp\/v2\/media?parent=8948"}],"wp:term":[{"taxonomy":"product_cat","embeddable":true,"href":"https:\/\/firstpashacoffee.com\/tr\/wp-json\/wp\/v2\/product_cat?post=8948"},{"taxonomy":"product_tag","embeddable":true,"href":"https:\/\/firstpashacoffee.com\/tr\/wp-json\/wp\/v2\/product_tag?post=8948"}],"curies":[{"name":"wp","href":"https:\/\/api.w.org\/{rel}","templated":true}]}}