{"id":8954,"date":"2020-06-27T13:11:25","date_gmt":"2020-06-27T10:11:25","guid":{"rendered":"https:\/\/firstpashacoffee.com\/product\/mocha-harraz-green-5-kg\/"},"modified":"2020-09-23T04:37:56","modified_gmt":"2020-09-23T01:37:56","slug":"mocha-harraz-green-5-kg","status":"publish","type":"product","link":"https:\/\/firstpashacoffee.com\/tr\/urun\/mocha-harraz-green-5-kg\/","title":{"rendered":"Mocha Harazi (Arabika) a\u011f\u0131rl\u0131k 5 kg"},"content":{"rendered":"<p>\u201cDaha \u00f6nce i\u00e7ti\u011fin t\u00fcm kahveyi unutman\u0131 sa\u011flayacakt\u0131r\u201d!!!<\/p>\n<p>Bu \u00e7e\u015fitlilik, deniz seviyesinden 1.800-2.200 metre y\u00fckseklikte bulunan bat\u0131 Haraz Da\u011flar\u0131 Sana&#8217;a valili\u011finden bir\u00e7ok \u00e7iftlikten geliyor, iklimi daha \u0131l\u0131ml\u0131 ve sular\u0131 nispeten iyi kalitede ve kahve meyveleri \u00e7ok iyi kalitelidir.<\/p>\n<p>% 100 organik kahve<\/p>\n<p>Mocha Harazi \u00fcr\u00fcnleri, \u00e7ift\u00e7iler taraf\u0131ndan ayn\u0131 geleneksel do\u011fal y\u00f6ntem kullan\u0131larak kurutulduktan ve kahve meyvelerini g\u00fcne\u015f \u0131\u015f\u0131\u011f\u0131na maruz b\u0131rakmadan, gerekli koyu k\u0131rm\u0131z\u0131 veya koyu gri renge ula\u015fana kadar beton veya tu\u011fla y\u00fczeylere yerle\u015ftirildikten sonra tesislerimize geliyor.<\/p>\n<p>Her \u00e7iftlik, di\u011ferlerinden farkl\u0131 bir tad\u0131 koruyan Mocha Harazi&#8217;den gelir ve bu, kahveye, Bat\u0131 Harazi kahvesinin y\u00fcksek lezzetinden e\u015fsiz deneyimler ke\u015ffetmeye ve tad\u0131n\u0131 \u00e7\u0131karmaya de\u011fer bir d\u00fcnya olmas\u0131n\u0131 sa\u011flayan \u00e7ok \u00e7e\u015fitli tatlar sunar.<\/p>\n<p>Art\u0131k her yudumla lezzet tutkusu ak\u0131\u015f\u0131n\u0131n tad\u0131n\u0131 \u00e7\u0131karabilirsiniz, zevkinizi zenginle\u015ftirecek ve her zaman daha fazlas\u0131n\u0131 istemenizi sa\u011flayacak k\u00fclt\u00fcrel miras\u0131m\u0131zd\u0131r.<\/p>\n<p><strong>\u00dclke \/ b\u00f6lge<\/strong><\/p>\n<p>Yemen \/ Haraz<\/p>\n<p><strong>Nesil<\/strong><\/p>\n<p>K\u0131v\u0131rc\u0131k, yuvarlak ve elma \u015fekli<\/p>\n<p><strong>\u0130\u015fleyi\u015f<\/strong><\/p>\n<p>Normal<\/p>\n<p><strong>Y\u00fckseklik<\/strong><\/p>\n<p>1800 \u2013 2200<\/p>\n<p><strong>\u0130pucular<\/strong><\/p>\n<p>Bitter \u00e7ikolata, karamel, bal ve biraz narenciye.<\/p>\n","protected":false},"excerpt":{"rendered":"<p>Bu \u00e7e\u015fitlilik, deniz seviyesinden 1.800-2.200 metre y\u00fckseklikte bulunan bat\u0131 Haraz Da\u011flar\u0131 Sana&#8217;a valili\u011finden bir\u00e7ok \u00e7iftlikten geliyor, iklimi daha \u0131l\u0131ml\u0131 ve sular\u0131 nispeten iyi kalitede ve kahve meyveleri \u00e7ok iyi kalitelidir.<\/p>\n","protected":false},"featured_media":2886,"comment_status":"open","ping_status":"closed","template":"","meta":[],"product_cat":[96,110],"product_tag":[],"class_list":{"0":"post-8954","1":"product","2":"type-product","3":"status-publish","4":"has-post-thumbnail","6":"product_cat-yemen-kahvesi","7":"product_cat-yesil-ozel-kahve","9":"first","10":"instock","11":"shipping-taxable","12":"product-type-simple","13":"col-xs-6 col-sm-4","14":"col-md-3 col-lg-3","15":"un-4-cols"},"_links":{"self":[{"href":"https:\/\/firstpashacoffee.com\/tr\/wp-json\/wp\/v2\/product\/8954"}],"collection":[{"href":"https:\/\/firstpashacoffee.com\/tr\/wp-json\/wp\/v2\/product"}],"about":[{"href":"https:\/\/firstpashacoffee.com\/tr\/wp-json\/wp\/v2\/types\/product"}],"replies":[{"embeddable":true,"href":"https:\/\/firstpashacoffee.com\/tr\/wp-json\/wp\/v2\/comments?post=8954"}],"version-history":[{"count":2,"href":"https:\/\/firstpashacoffee.com\/tr\/wp-json\/wp\/v2\/product\/8954\/revisions"}],"predecessor-version":[{"id":8960,"href":"https:\/\/firstpashacoffee.com\/tr\/wp-json\/wp\/v2\/product\/8954\/revisions\/8960"}],"wp:featuredmedia":[{"embeddable":true,"href":"https:\/\/firstpashacoffee.com\/tr\/wp-json\/wp\/v2\/media\/2886"}],"wp:attachment":[{"href":"https:\/\/firstpashacoffee.com\/tr\/wp-json\/wp\/v2\/media?parent=8954"}],"wp:term":[{"taxonomy":"product_cat","embeddable":true,"href":"https:\/\/firstpashacoffee.com\/tr\/wp-json\/wp\/v2\/product_cat?post=8954"},{"taxonomy":"product_tag","embeddable":true,"href":"https:\/\/firstpashacoffee.com\/tr\/wp-json\/wp\/v2\/product_tag?post=8954"}],"curies":[{"name":"wp","href":"https:\/\/api.w.org\/{rel}","templated":true}]}}