{"id":8967,"date":"2020-06-27T13:09:10","date_gmt":"2020-06-27T10:09:10","guid":{"rendered":"https:\/\/firstpashacoffee.com\/product\/harraz-fresh-green-5-kg\/"},"modified":"2020-09-23T05:02:24","modified_gmt":"2020-09-23T02:02:24","slug":"harraz-fresh-green-5-kg","status":"publish","type":"product","link":"https:\/\/firstpashacoffee.com\/tr\/urun\/harraz-fresh-green-5-kg\/","title":{"rendered":"Taze Harazi (Arabika kahvesi) a\u011f\u0131rl\u0131k 5 kg"},"content":{"rendered":"<p>\u201cDaha \u00f6nce i\u00e7ti\u011fin t\u00fcm kahveyi unutman\u0131 sa\u011flayacakt\u0131r\u201d!!!<\/p>\n<p>Bu inan\u0131lmaz kahve \u00e7e\u015fidi sadece deniz seviyesinden 1.800-2.500 metre y\u00fckseklikte bulunan da\u011fl\u0131k do\u011fu Haraz \u00e7iftliklerinden geliyor.<\/p>\n<p>Ve \u015fans\u0131n\u0131, dengeli bir mineral tuz bile\u015fimi ile ya\u011fmur suyunun, kaynaklar\u0131n ve barajlar\u0131n tatl\u0131l\u0131\u011f\u0131ndan yararlanarak, y\u00fcksek bir kalite seviyesi sa\u011flayan Haraz b\u00f6lgesinin \u0131l\u0131man, b\u00fcy\u00fckleyici ikliminden ve d\u00fc\u015f\u00fck neminden al\u0131r.<\/p>\n<p>% 100 organik kahve<\/p>\n<p>koyu k\u0131rm\u0131z\u0131, pembe ve biraz sar\u0131 gibi do\u011fan\u0131n renklerinin harika bir kar\u0131\u015f\u0131m\u0131na sahip olan ve tesislerimize taze ula\u015fan Kahve meyveleri, b\u00fcy\u00fck bir \u00f6zenle hasat edilir, b\u00f6ylece onu kurutmak i\u00e7in transfer etmeden \u00f6nce de\u011ferli m\u00fc\u015fterilerimizin zevklerine uygun olarak s\u0131ralar\u0131z.<\/p>\n<p>Kurutma i\u015flemi geleneksel olarak g\u00fcne\u015f alt\u0131nda yap\u0131l\u0131r ve genel olarak Al-Harazi kahvesi ve Yemen kahvesinin ay\u0131rt edici bir \u00f6zelli\u011fidir.Bu y\u00f6ntem, kahve kabu\u011funa uzun kurutma d\u00f6nemlerinde ek bir lezzet verir ve y\u0131kanm\u0131\u015f kahve ve mekanik y\u00f6ntemlerden daha \u00fcst\u00fcn bir do\u011fal lezzet yarat\u0131r. Kahve meyveleri, zeminden y\u00fckseltilmi\u015f yataklarda palmiye a\u011fa\u00e7lar\u0131ndan yap\u0131lan yataklara yerle\u015ftirilir ve kabuk y\u00fczeyinin g\u00fcne\u015f \u0131\u015f\u0131\u011f\u0131ndan e\u015fit \u015fans almas\u0131 i\u00e7in elle \u00e7ok dikkatli bir \u015fekilde d\u00f6nd\u00fcr\u00fcl\u00fcr, b\u00f6ylece i\u00e7 nem y\u00fczdesi gerekli seviyeye ula\u015f\u0131r.<\/p>\n<p>Art\u0131k her yudumla lezzet tutkusu ak\u0131\u015f\u0131n\u0131n tad\u0131n\u0131 \u00e7\u0131karabilirsiniz, zevkinizi zenginle\u015ftirecek ve her zaman daha fazlas\u0131n\u0131 istemenizi sa\u011flayacak k\u00fclt\u00fcrel miras\u0131m\u0131zd\u0131r.<\/p>\n<p><strong>\u00dclke \/ b\u00f6lge<\/strong><\/p>\n<p>Yemen \/ Haraz<\/p>\n<p><strong>Nesil<\/strong><\/p>\n<p>K\u0131v\u0131rc\u0131k, yuvarlak ve elma \u015fekli<\/p>\n<p><strong>\u0130\u015fleyi\u015f<\/strong><\/p>\n<p>Normal<\/p>\n<p><strong>Y\u00fckseklik<\/strong><\/p>\n<p>1800 \u2013 2500<\/p>\n<p><strong>\u0130pucular<\/strong><\/p>\n<p>Karma\u015f\u0131k ve tatl\u0131, ahududu , k\u0131rm\u0131z\u0131 meyveler, kakao, siyah \u00e7ay, baharat.<\/p>\n","protected":false},"excerpt":{"rendered":"<p>Bu inan\u0131lmaz kahve \u00e7e\u015fidi sadece deniz seviyesinden 1.800-2.500 metre y\u00fckseklikte bulunan da\u011fl\u0131k do\u011fu Haraz \u00e7iftliklerinden geliyor.<\/p>\n<p>Ve \u015fans\u0131n\u0131, dengeli bir mineral tuz bile\u015fimi ile ya\u011fmur suyunun, kaynaklar\u0131n ve barajlar\u0131n tatl\u0131l\u0131\u011f\u0131ndan yararlanarak, y\u00fcksek bir kalite seviyesi sa\u011flayan Haraz b\u00f6lgesinin \u0131l\u0131man, b\u00fcy\u00fckleyici ikliminden ve d\u00fc\u015f\u00fck neminden al\u0131r.<\/p>\n","protected":false},"featured_media":2880,"comment_status":"open","ping_status":"closed","template":"","meta":[],"product_cat":[96,110],"product_tag":[],"class_list":{"0":"post-8967","1":"product","2":"type-product","3":"status-publish","4":"has-post-thumbnail","6":"product_cat-yemen-kahvesi","7":"product_cat-yesil-ozel-kahve","9":"first","10":"instock","11":"shipping-taxable","12":"product-type-simple","13":"col-xs-6 col-sm-4","14":"col-md-3 col-lg-3","15":"un-4-cols"},"_links":{"self":[{"href":"https:\/\/firstpashacoffee.com\/tr\/wp-json\/wp\/v2\/product\/8967"}],"collection":[{"href":"https:\/\/firstpashacoffee.com\/tr\/wp-json\/wp\/v2\/product"}],"about":[{"href":"https:\/\/firstpashacoffee.com\/tr\/wp-json\/wp\/v2\/types\/product"}],"replies":[{"embeddable":true,"href":"https:\/\/firstpashacoffee.com\/tr\/wp-json\/wp\/v2\/comments?post=8967"}],"version-history":[{"count":4,"href":"https:\/\/firstpashacoffee.com\/tr\/wp-json\/wp\/v2\/product\/8967\/revisions"}],"predecessor-version":[{"id":8976,"href":"https:\/\/firstpashacoffee.com\/tr\/wp-json\/wp\/v2\/product\/8967\/revisions\/8976"}],"wp:featuredmedia":[{"embeddable":true,"href":"https:\/\/firstpashacoffee.com\/tr\/wp-json\/wp\/v2\/media\/2880"}],"wp:attachment":[{"href":"https:\/\/firstpashacoffee.com\/tr\/wp-json\/wp\/v2\/media?parent=8967"}],"wp:term":[{"taxonomy":"product_cat","embeddable":true,"href":"https:\/\/firstpashacoffee.com\/tr\/wp-json\/wp\/v2\/product_cat?post=8967"},{"taxonomy":"product_tag","embeddable":true,"href":"https:\/\/firstpashacoffee.com\/tr\/wp-json\/wp\/v2\/product_tag?post=8967"}],"curies":[{"name":"wp","href":"https:\/\/api.w.org\/{rel}","templated":true}]}}