{"id":8978,"date":"2020-06-27T13:05:52","date_gmt":"2020-06-27T10:05:52","guid":{"rendered":"https:\/\/firstpashacoffee.com\/product\/harraz-red-green-5-kg\/"},"modified":"2020-09-23T05:08:41","modified_gmt":"2020-09-23T02:08:41","slug":"harraz-red-green-5-kg","status":"publish","type":"product","link":"https:\/\/firstpashacoffee.com\/tr\/urun\/harraz-red-green-5-kg\/","title":{"rendered":"k\u0131rm\u0131z\u0131 harazi (Arabika kahvesi) a\u011f\u0131rl\u0131k 5 kg"},"content":{"rendered":"<p>\u201cDaha \u00f6nce i\u00e7ti\u011fin t\u00fcm kahveyi unutman\u0131 sa\u011flayacakt\u0131r\u201d!!!<\/p>\n<p>Kalite ve harika lezzet a\u00e7\u0131s\u0131ndan e\u015fle\u015ftirilemeyen first Pa\u015fa \u00fcretiminin gururu, d\u00fcnyadaki gurme kalplerinin gizli anahtar\u0131d\u0131r. \u00c7ift\u00e7iler, bu meyveler i\u00e7in takdirlerini ifade etmesiyle \u00fcnl\u00fc de\u011ferli Yemen akikiyle ilgili olarak k\u0131rm\u0131z\u0131 kahve meyvelerine k\u0131rm\u0131z\u0131 akik demeyi severler.<\/p>\n<p>Al-Harazi kahvesi, \u0131l\u0131ml\u0131 s\u0131cakl\u0131klar\u0131n ve nemin d\u00fc\u015f\u00fck oldu\u011fu deniz seviyesinden 1.800-2500 metre y\u00fckseklikte, Haraz&#8217;\u0131n da\u011fl\u0131k b\u00f6lgesinde yeti\u015ftirilir. Kahve a\u011fa\u00e7lar\u0131n\u0131 sulamak i\u00e7in kullan\u0131lan suyun kalitesi, da\u011fl\u0131k zirvelerdeki ya\u011fmur suyu, barajlar ve yukar\u0131 ak\u0131\u015f kaynaklar\u0131ndan gelmelerine ba\u011fl\u0131d\u0131r.Bu sular dengeli bir mineral bile\u015fimine sahiptir ve kahve meyvelerine tatl\u0131 ve e\u015fsiz bir tat verir. Bahsetti\u011fimiz t\u00fcm bunlar kahve kalitesinin en \u00f6nemli fakt\u00f6rleridir.<\/p>\n<p>% 100 organik kahve<\/p>\n<p>Yemen kahvesi a\u011fa\u00e7lar\u0131, a\u015fk bir ili\u015fkiye benzeyen, g\u00fcbre ve b\u00f6cek ilac\u0131 i\u00e7ermeyen orijinal organik meyvelerle sonu\u00e7lanan \u00e7ift\u00e7ilerin \u00f6zel bak\u0131m\u0131yla ilgilenilmektedir. Kahve a\u015famalar halinde toplan\u0131r, bu nedenle meyveler tamamen olgunla\u015fana ve koyu k\u0131rm\u0131z\u0131ya d\u00f6nene kadar meyve toplanmaz ve b\u00f6ylece kahve meyveleri, antik \u00e7a\u011flara dayanan toprak bereket ile doyurulur.<\/p>\n<p>Y\u0131kama olmadan g\u00fcne\u015f alt\u0131ndaki geleneksel kurutma i\u015flemi, genel olarak harazi ve Yemen kahvesinin ay\u0131rt edici bir \u00f6zelli\u011fidir, \u00e7\u00fcnk\u00fc kahve kabu\u011fu, annenin \u00e7ocu\u011funa verdi\u011fi gibi e\u015fsiz bir arma\u011fan i\u00e7inde meyvenin keskin lezzetine ek bir de\u011fer verir. Kahve meyveleri, zeminden y\u00fckseltilmi\u015f yataklarda palmiye a\u011fa\u00e7lar\u0131ndan yap\u0131lan paspaslara yerle\u015ftirilir ve kabuk y\u00fczeyi e\u015fit g\u00fcne\u015f \u0131\u015f\u0131\u011f\u0131na e\u015fit olacak \u015fekilde elle \u00e7ok dikkatli bir \u015fekilde d\u00f6nd\u00fcr\u00fcl\u00fcr, b\u00f6ylece i\u00e7 nem oran\u0131 sadece% 13&#8217;e ula\u015f\u0131r ve kahve \u00e7ekirdekleri \u00f6zel bir nem cihaz\u0131 ile nem \u00f6l\u00e7\u00fcm\u00fcne tabi tutulur.<\/p>\n<p>Art\u0131k her yudumla lezzet tutkusu ak\u0131\u015f\u0131n\u0131n tad\u0131n\u0131 \u00e7\u0131karabilirsiniz, zevkinizi zenginle\u015ftirecek ve her zaman daha fazlas\u0131n\u0131 istemenizi sa\u011flayacak k\u00fclt\u00fcrel miras\u0131m\u0131zd\u0131r.<\/p>\n<p><strong>\u00dclke \/ b\u00f6lge<\/strong><\/p>\n<p>Yemen \/ Haraz<\/p>\n<p><strong>Nesil<\/strong><\/p>\n<p>K\u0131v\u0131rc\u0131k, yuvarlak ve elma \u015fekli<\/p>\n<p>&nbsp;<\/p>\n<p><strong>\u0130\u015fleyi\u015f<\/strong><\/p>\n<p>Normal<\/p>\n<p><strong>Y\u00fckseklik<\/strong><\/p>\n<p>1800 \u2013 2500<\/p>\n<p><strong>\u0130<\/strong><strong>pucular<\/strong><\/p>\n<p>\u00c7ok karma\u015f\u0131k ve tatl\u0131 tatlar, meyveler, bal, \u015feftali, \u015farap ve \u00e7ikolata tad\u0131.<\/p>\n","protected":false},"excerpt":{"rendered":"<p>Kalite ve harika lezzet a\u00e7\u0131s\u0131ndan e\u015fle\u015ftirilemeyen first Pa\u015fa \u00fcretiminin gururu, d\u00fcnyadaki gurme kalplerinin gizli anahtar\u0131d\u0131r. \u00c7ift\u00e7iler, bu meyveler i\u00e7in takdirlerini ifade etmesiyle \u00fcnl\u00fc de\u011ferli Yemen akikiyle ilgili olarak k\u0131rm\u0131z\u0131 kahve meyvelerine k\u0131rm\u0131z\u0131 akik demeyi severler.<\/p>\n","protected":false},"featured_media":2874,"comment_status":"open","ping_status":"closed","template":"","meta":[],"product_cat":[96,110],"product_tag":[],"class_list":{"0":"post-8978","1":"product","2":"type-product","3":"status-publish","4":"has-post-thumbnail","6":"product_cat-yemen-kahvesi","7":"product_cat-yesil-ozel-kahve","9":"first","10":"instock","11":"shipping-taxable","12":"product-type-simple","13":"col-xs-6 col-sm-4","14":"col-md-3 col-lg-3","15":"un-4-cols"},"_links":{"self":[{"href":"https:\/\/firstpashacoffee.com\/tr\/wp-json\/wp\/v2\/product\/8978"}],"collection":[{"href":"https:\/\/firstpashacoffee.com\/tr\/wp-json\/wp\/v2\/product"}],"about":[{"href":"https:\/\/firstpashacoffee.com\/tr\/wp-json\/wp\/v2\/types\/product"}],"replies":[{"embeddable":true,"href":"https:\/\/firstpashacoffee.com\/tr\/wp-json\/wp\/v2\/comments?post=8978"}],"version-history":[{"count":2,"href":"https:\/\/firstpashacoffee.com\/tr\/wp-json\/wp\/v2\/product\/8978\/revisions"}],"predecessor-version":[{"id":8981,"href":"https:\/\/firstpashacoffee.com\/tr\/wp-json\/wp\/v2\/product\/8978\/revisions\/8981"}],"wp:featuredmedia":[{"embeddable":true,"href":"https:\/\/firstpashacoffee.com\/tr\/wp-json\/wp\/v2\/media\/2874"}],"wp:attachment":[{"href":"https:\/\/firstpashacoffee.com\/tr\/wp-json\/wp\/v2\/media?parent=8978"}],"wp:term":[{"taxonomy":"product_cat","embeddable":true,"href":"https:\/\/firstpashacoffee.com\/tr\/wp-json\/wp\/v2\/product_cat?post=8978"},{"taxonomy":"product_tag","embeddable":true,"href":"https:\/\/firstpashacoffee.com\/tr\/wp-json\/wp\/v2\/product_tag?post=8978"}],"curies":[{"name":"wp","href":"https:\/\/api.w.org\/{rel}","templated":true}]}}