{"id":8986,"date":"2020-06-30T20:28:54","date_gmt":"2020-06-30T17:28:54","guid":{"rendered":"https:\/\/firstpashacoffee.com\/product\/extra-gold-200-black-doypack\/"},"modified":"2020-09-23T05:36:40","modified_gmt":"2020-09-23T02:36:40","slug":"extra-gold-200-black-doypack","status":"publish","type":"product","link":"https:\/\/firstpashacoffee.com\/tr\/urun\/extra-gold-200-black-doypack\/","title":{"rendered":"Ekstra gold kahvesi 200 gr"},"content":{"rendered":"<p>\u201cDaha \u00f6nce i\u00e7ti\u011fin t\u00fcm kahveyi unutman\u0131 sa\u011flayacakt\u0131r\u201d!!!<\/p>\n<p>En iyi Brezilya kahvesi (Arabika) aras\u0131ndan se\u00e7ilen ve d\u00fcnyada ilk kez antioksidan polivinol i\u00e7eren zeytin kahve tozu ile kar\u0131\u015ft\u0131r\u0131larak kimyasal ve koruyucu i\u00e7ermeyen T\u00fcrk kahvesi i\u00e7in yeni bir konsepttir ve T\u00fcrk h\u00fck\u00fcmetine tescilli patenti alm\u0131\u015ft\u0131r.<\/p>\n<p>1450&#8217;den beri Yemen kahvesindeki deneyimimiz ve zengin k\u00fclt\u00fcrel miras\u0131m\u0131z olmasayd\u0131 bu m\u00fcmk\u00fcn olmazd\u0131. Uzmanl\u0131\u011f\u0131m\u0131z\u0131, MS 1517 y\u0131l\u0131na dayanan ve T\u00fcrk k\u00fclt\u00fcr\u00fcnde y\u00fcksek bir konuma sahip olan T\u00fcrk kahvesi servis sanat\u0131 ile birle\u015ftirdik.<\/p>\n<p>Art\u0131k her yudumla lezzet tutkusu ak\u0131\u015f\u0131n\u0131n tad\u0131n\u0131 \u00e7\u0131karabilirsiniz, zevkinizi zenginle\u015ftirecek ve her zaman daha fazlas\u0131n\u0131 istemenizi sa\u011flayacak k\u00fclt\u00fcrel miras\u0131m\u0131zd\u0131r.<\/p>\n<ul>\n<li><strong>Kahve t\u00fcr\u00fc<\/strong><\/li>\n<\/ul>\n<p>Brezilya Arabika kahvesi<\/p>\n<ul>\n<li><strong>K\u0131zartma derecesi<\/strong><\/li>\n<\/ul>\n<p>Orta K\u0131zartma<\/p>\n<ul>\n<li><strong>\u00d6\u011f\u00fctme derecesi<\/strong><\/li>\n<\/ul>\n<p>\u0130nce \u00f6\u011f\u00fctme<\/p>\n<ul>\n<li><strong>\u00dcretim yeri<\/strong><\/li>\n<\/ul>\n<p>Brezilya<\/p>\n<ul>\n<li><strong>Malzemeler:% 100 do\u011fal<\/strong><\/li>\n<\/ul>\n<p>&#8211; Brezilyal\u0131 Arabika kahvesi.<\/p>\n<p>&#8211; Do\u011fal zeytin kahvesi.<\/p>\n<p>&#8211; Damla sak\u0131z\u0131.<\/p>\n<p>-Kakule.<\/p>\n","protected":false},"excerpt":{"rendered":"<p>Lezzetinizi zenginle\u015ftirecek ve her zaman daha fazlas\u0131n\u0131 isteyecek k\u00fclt\u00fcrel miras\u0131m\u0131z\u0131 tatmak i\u00e7in zeytin tozu kahvesi ile kar\u0131\u015ft\u0131r\u0131lm\u0131\u015f ince Brezilya kahvesi (Arabika) i\u00e7eren e\u015fsiz T\u00fcrk kahvesinin tad\u0131n\u0131 \u00e7\u0131kar\u0131n.<\/p>\n","protected":false},"featured_media":6285,"comment_status":"open","ping_status":"closed","template":"","meta":[],"product_cat":[107,105],"product_tag":[],"class_list":{"0":"post-8986","1":"product","2":"type-product","3":"status-publish","4":"has-post-thumbnail","6":"product_cat-duvibk","7":"product_cat-first-pasa-kahvesi","9":"first","10":"instock","11":"shipping-taxable","12":"product-type-simple","13":"col-xs-6 col-sm-4","14":"col-md-3 col-lg-3","15":"un-4-cols"},"_links":{"self":[{"href":"https:\/\/firstpashacoffee.com\/tr\/wp-json\/wp\/v2\/product\/8986"}],"collection":[{"href":"https:\/\/firstpashacoffee.com\/tr\/wp-json\/wp\/v2\/product"}],"about":[{"href":"https:\/\/firstpashacoffee.com\/tr\/wp-json\/wp\/v2\/types\/product"}],"replies":[{"embeddable":true,"href":"https:\/\/firstpashacoffee.com\/tr\/wp-json\/wp\/v2\/comments?post=8986"}],"version-history":[{"count":2,"href":"https:\/\/firstpashacoffee.com\/tr\/wp-json\/wp\/v2\/product\/8986\/revisions"}],"predecessor-version":[{"id":8993,"href":"https:\/\/firstpashacoffee.com\/tr\/wp-json\/wp\/v2\/product\/8986\/revisions\/8993"}],"wp:featuredmedia":[{"embeddable":true,"href":"https:\/\/firstpashacoffee.com\/tr\/wp-json\/wp\/v2\/media\/6285"}],"wp:attachment":[{"href":"https:\/\/firstpashacoffee.com\/tr\/wp-json\/wp\/v2\/media?parent=8986"}],"wp:term":[{"taxonomy":"product_cat","embeddable":true,"href":"https:\/\/firstpashacoffee.com\/tr\/wp-json\/wp\/v2\/product_cat?post=8986"},{"taxonomy":"product_tag","embeddable":true,"href":"https:\/\/firstpashacoffee.com\/tr\/wp-json\/wp\/v2\/product_tag?post=8986"}],"curies":[{"name":"wp","href":"https:\/\/api.w.org\/{rel}","templated":true}]}}