{"id":8998,"date":"2020-06-27T14:27:09","date_gmt":"2020-06-27T11:27:09","guid":{"rendered":"https:\/\/firstpashacoffee.com\/product\/extra-silver-250\/"},"modified":"2020-09-23T05:48:06","modified_gmt":"2020-09-23T02:48:06","slug":"extra-silver-250","status":"publish","type":"product","link":"https:\/\/firstpashacoffee.com\/tr\/urun\/extra-silver-250\/","title":{"rendered":"Ekstra silver kahvesi 250 gr"},"content":{"rendered":"<p>\u201cDaha \u00f6nce i\u00e7ti\u011fin t\u00fcm kahveyi unutman\u0131 sa\u011flayacakt\u0131r\u201d!!!<\/p>\n<p>Kahvenin ger\u00e7ek anlam\u0131 i\u00e7in lezzet ve tat dolu k\u00fclt\u00fcrel miras a\u00e7\u0131s\u0131ndan zengin bir kahvedir.<\/p>\n<p>Tarih boyunca kahvenin ruhunu ve kokusunu ar\u0131yorsan\u0131z, onalt\u0131l\u0131k y\u00fczy\u0131la kadar uzanan T\u00fcrk kahvesini ke\u015ffetmeye gelin.<\/p>\n<p>T\u00fcrk kahvesi, t\u00fcm d\u00fcnya i\u00e7in e\u015fsiz bir i\u00e7ecek olarak kahvenin sunumunu m\u00fckemmelle\u015ftiren ve ustala\u015ft\u0131ran Yemen kahve gelene\u011fi ve Osmanl\u0131 k\u00fclt\u00fcrel miras\u0131n\u0131n tarihinden geliyor.<\/p>\n<p>Geni\u015f bir uluslararas\u0131 \u015f\u00f6hret kazan\u0131yor ve en \u00f6nemli \u00f6zellikleri aras\u0131nda \u00f6\u011f\u00fctme, kavurma ve di\u011fer kahve servislerinde tamamen farkl\u0131 oldu\u011fu i\u00e7in k\u00f6p\u00fck, zengin aroma ve b\u00fcy\u00fcleyici lezzet var.<\/p>\n<p>Bu nedenle UNESCO, T\u00fcrk kahvesini \u201c2013&#8217;te \u0130nsanl\u0131\u011f\u0131n Somut Olmayan K\u00fclt\u00fcrel Miras\u0131\u201d listesine dahil etti.<\/p>\n<p>Art\u0131k her yudumla lezzet tutkusu ak\u0131\u015f\u0131n\u0131n tad\u0131n\u0131 \u00e7\u0131karabilirsiniz, zevkinizi zenginle\u015ftirecek ve her zaman daha fazlas\u0131n\u0131 istemenizi sa\u011flayacak k\u00fclt\u00fcrel miras\u0131m\u0131zd\u0131r.<\/p>\n<ul>\n<li><strong>Kahve t\u00fcr\u00fc<\/strong><\/li>\n<\/ul>\n<p>Brezilya Arabika kahvesi<\/p>\n<ul>\n<li><strong>K\u0131zartma derecesi<\/strong><\/li>\n<\/ul>\n<p>Orta K\u0131zartma<\/p>\n<ul>\n<li><strong>\u00d6\u011f\u00fctme derecesi<\/strong><\/li>\n<\/ul>\n<p>\u0130nce \u00f6\u011f\u00fctme<\/p>\n<ul>\n<li><strong>\u00dcretim yeri<\/strong><\/li>\n<\/ul>\n<p>Brezilya<\/p>\n<ul>\n<li><strong>Malzemeler:% 100 do\u011fal<\/strong><\/li>\n<\/ul>\n<p>&#8211; Brezilyal\u0131 Arabika kahvesi.<\/p>\n<p>&#8211; Damla sak\u0131z\u0131.<\/p>\n<p>-Kakule.<\/p>\n","protected":false},"excerpt":{"rendered":"<p>Tarih boyunca kahvenin ruhunu ve kokusunu ar\u0131yorsan\u0131z, on be\u015finci y\u00fczy\u0131la dayanan k\u00f6keni ile l\u00fcks Yemen kahvesinden olu\u015fan T\u00fcrk kahvesini ke\u015ffetmeyi tercih etmelisiniz.<\/p>\n","protected":false},"featured_media":3019,"comment_status":"open","ping_status":"closed","template":"","meta":[],"product_cat":[105,106],"product_tag":[],"class_list":{"0":"post-8998","1":"product","2":"type-product","3":"status-publish","4":"has-post-thumbnail","6":"product_cat-first-pasa-kahvesi","7":"product_cat-silindir","9":"first","10":"instock","11":"shipping-taxable","12":"product-type-simple","13":"col-xs-6 col-sm-4","14":"col-md-3 col-lg-3","15":"un-4-cols"},"_links":{"self":[{"href":"https:\/\/firstpashacoffee.com\/tr\/wp-json\/wp\/v2\/product\/8998"}],"collection":[{"href":"https:\/\/firstpashacoffee.com\/tr\/wp-json\/wp\/v2\/product"}],"about":[{"href":"https:\/\/firstpashacoffee.com\/tr\/wp-json\/wp\/v2\/types\/product"}],"replies":[{"embeddable":true,"href":"https:\/\/firstpashacoffee.com\/tr\/wp-json\/wp\/v2\/comments?post=8998"}],"version-history":[{"count":2,"href":"https:\/\/firstpashacoffee.com\/tr\/wp-json\/wp\/v2\/product\/8998\/revisions"}],"predecessor-version":[{"id":9009,"href":"https:\/\/firstpashacoffee.com\/tr\/wp-json\/wp\/v2\/product\/8998\/revisions\/9009"}],"wp:featuredmedia":[{"embeddable":true,"href":"https:\/\/firstpashacoffee.com\/tr\/wp-json\/wp\/v2\/media\/3019"}],"wp:attachment":[{"href":"https:\/\/firstpashacoffee.com\/tr\/wp-json\/wp\/v2\/media?parent=8998"}],"wp:term":[{"taxonomy":"product_cat","embeddable":true,"href":"https:\/\/firstpashacoffee.com\/tr\/wp-json\/wp\/v2\/product_cat?post=8998"},{"taxonomy":"product_tag","embeddable":true,"href":"https:\/\/firstpashacoffee.com\/tr\/wp-json\/wp\/v2\/product_tag?post=8998"}],"curies":[{"name":"wp","href":"https:\/\/api.w.org\/{rel}","templated":true}]}}