{"id":9034,"date":"2020-06-27T14:22:55","date_gmt":"2020-06-27T11:22:55","guid":{"rendered":"https:\/\/firstpashacoffee.com\/product\/3-in-1-coffee-green-250-gm\/"},"modified":"2020-09-23T06:29:23","modified_gmt":"2020-09-23T03:29:23","slug":"3-in-1-coffee-green-250-gm","status":"publish","type":"product","link":"https:\/\/firstpashacoffee.com\/tr\/urun\/3-in-1-coffee-green-250-gm\/","title":{"rendered":"3&#8217;\u00fc 1 arada f\u0131nd\u0131k aromal\u0131 kahve a\u011f\u0131rl\u0131k 250 gr"},"content":{"rendered":"<p>First Pasha Cofee&#8217;den 1 x 3 kahve, do\u011fal kahvenin ola\u011fan\u00fcst\u00fc kalitesi ve tad\u0131 i\u00e7in Yemen kahvesi ve Brezilya kahvesi Arabika&#8217;dan en iyi kahve se\u00e7eneklerinden haz\u0131rlanm\u0131\u015ft\u0131r.<\/p>\n<p>D\u00fcnyada ilk kez antioksidan i\u00e7eren zeytin kahvesi kar\u0131\u015f\u0131m\u0131na ek olarak.<\/p>\n<p>Do\u011fal kremal\u0131, \u015fekersiz , koruyucu maddeler ve kimyasal katk\u0131lar i\u00e7ermeyen zengin kahvenin tad\u0131n\u0131 \u00e7\u0131kar\u0131n.<\/p>\n<p>Bu, sizi mutlu bir g\u00fcnde s\u00fcr\u00fckleyici bir deneyim ya\u015famak i\u00e7in duyular\u0131n\u0131z\u0131 uyand\u0131ran her yudumla kahvenin harika lezzetlerini ke\u015ffetmeye davet eden do\u011fal kar\u0131\u015f\u0131md\u0131r.<\/p>\n<p>Art\u0131k her yudumla lezzet tutkusu ak\u0131\u015f\u0131n\u0131n tad\u0131n\u0131 \u00e7\u0131karabilirsiniz, zevkinizi zenginle\u015ftirecek ve her zaman daha fazlas\u0131n\u0131 istemenizi sa\u011flayacak k\u00fclt\u00fcrel miras\u0131m\u0131zd\u0131r.<\/p>\n<ul>\n<li><strong>Kahve t\u00fcr\u00fc<\/strong><\/li>\n<\/ul>\n<p>Kaliteli Yemen kahvesi, Brezilya Arabika kahvesi<\/p>\n<ul>\n<li><strong>K\u0131zartma derecesi<\/strong><\/li>\n<\/ul>\n<p>Orta K\u0131zartma<\/p>\n<ul>\n<li><strong>\u00d6\u011f\u00fctme derecesi<\/strong><\/li>\n<\/ul>\n<p>\u0130nce \u00f6\u011f\u00fctme<\/p>\n<ul>\n<li><strong>\u00dcretim yeri<\/strong><\/li>\n<\/ul>\n<p>Yemen \u2013 Brezilya<\/p>\n<ul>\n<li><strong>Malzemeler:% 100 do\u011fal<\/strong><\/li>\n<\/ul>\n<p>&#8211; Y\u00fcksek kaliteli Yemen kahvesi.<\/p>\n<p>&#8211; Brezilyal\u0131 Arabika kahvesi.<\/p>\n<p>&#8211; Do\u011fal zeytin kahvesi.<\/p>\n<p>&#8211; krema<\/p>\n<p>&#8211; Do\u011fal f\u0131nd\u0131k aromas\u0131.<\/p>\n<p>&#8211; Damla sak\u0131z\u0131.<\/p>\n<p>-Kakule.<\/p>\n","protected":false},"excerpt":{"rendered":"<p>D\u00fcnyada ilk kez, anti-oksidasyon i\u00e7eren zeytin kahvesi tozunun yan\u0131 s\u0131ra \u015fekersiz, koruyucusuz, do\u011fal krema ve f\u0131nd\u0131k aromas\u0131 bak\u0131m\u0131ndan zengin olan T\u00fcrk kahvesinin tad\u0131n\u0131 \u00e7\u0131kar\u0131n.<\/p>\n","protected":false},"featured_media":3007,"comment_status":"open","ping_status":"closed","template":"","meta":[],"product_cat":[105,106],"product_tag":[],"class_list":{"0":"post-9034","1":"product","2":"type-product","3":"status-publish","4":"has-post-thumbnail","6":"product_cat-first-pasa-kahvesi","7":"product_cat-silindir","9":"first","10":"instock","11":"shipping-taxable","12":"product-type-simple","13":"col-xs-6 col-sm-4","14":"col-md-3 col-lg-3","15":"un-4-cols"},"_links":{"self":[{"href":"https:\/\/firstpashacoffee.com\/tr\/wp-json\/wp\/v2\/product\/9034"}],"collection":[{"href":"https:\/\/firstpashacoffee.com\/tr\/wp-json\/wp\/v2\/product"}],"about":[{"href":"https:\/\/firstpashacoffee.com\/tr\/wp-json\/wp\/v2\/types\/product"}],"replies":[{"embeddable":true,"href":"https:\/\/firstpashacoffee.com\/tr\/wp-json\/wp\/v2\/comments?post=9034"}],"version-history":[{"count":2,"href":"https:\/\/firstpashacoffee.com\/tr\/wp-json\/wp\/v2\/product\/9034\/revisions"}],"predecessor-version":[{"id":9044,"href":"https:\/\/firstpashacoffee.com\/tr\/wp-json\/wp\/v2\/product\/9034\/revisions\/9044"}],"wp:featuredmedia":[{"embeddable":true,"href":"https:\/\/firstpashacoffee.com\/tr\/wp-json\/wp\/v2\/media\/3007"}],"wp:attachment":[{"href":"https:\/\/firstpashacoffee.com\/tr\/wp-json\/wp\/v2\/media?parent=9034"}],"wp:term":[{"taxonomy":"product_cat","embeddable":true,"href":"https:\/\/firstpashacoffee.com\/tr\/wp-json\/wp\/v2\/product_cat?post=9034"},{"taxonomy":"product_tag","embeddable":true,"href":"https:\/\/firstpashacoffee.com\/tr\/wp-json\/wp\/v2\/product_tag?post=9034"}],"curies":[{"name":"wp","href":"https:\/\/api.w.org\/{rel}","templated":true}]}}