{"id":9115,"date":"2020-06-27T12:10:45","date_gmt":"2020-06-27T09:10:45","guid":{"rendered":"https:\/\/firstpashacoffee.com\/product\/olive-leaf-tea-with-lavender-100-gm\/"},"modified":"2020-09-23T08:22:56","modified_gmt":"2020-09-23T05:22:56","slug":"olive-leaf-tea-with-lavender-100-gm","status":"publish","type":"product","link":"https:\/\/firstpashacoffee.com\/tr\/urun\/olive-leaf-tea-with-lavender-100-gm\/","title":{"rendered":"Lavantal\u0131 Zeytin Yapra\u011f\u0131 \u00c7ay\u0131 100 gr"},"content":{"rendered":"<p>Zeytin yapra\u011f\u0131 \u00e7ay\u0131 do\u011fal lezzetinin tad\u0131n\u0131 \u00e7\u0131kar\u0131n. V\u00fccudun ba\u011f\u0131\u015f\u0131kl\u0131k sisteminin uyar\u0131c\u0131 etkisi ve do\u011fal korumas\u0131 ile e\u015fsiz bir antioksidan do\u011fal sa\u011fl\u0131k i\u00e7ece\u011fi.<\/p>\n<p>\u015ea\u015f\u0131rt\u0131c\u0131 derecede ho\u015f bir tat, ye\u015fil \u00e7ay\u0131 a\u015far.<\/p>\n<p>Nurayn Uluslararas\u0131 Grubu, d\u00fcnyan\u0131n en iyi zeytin \u00e7ay\u0131 t\u00fcrlerini size sunmak i\u00e7in dikim ve hasat s\u0131ras\u0131nda dikkat edilen y\u00fcksek kaliteli zeytin \u00e7ay\u0131 yapraklar\u0131 sa\u011flamaya b\u00fcy\u00fck \u00f6nem vermektedir. En uygun mahsul\u00fc zaman\u0131nda toplad\u0131\u011f\u0131m\u0131z ve bilimsel standartlara g\u00f6re analiz etti\u011fimiz ve kalitesini sa\u011flad\u0131\u011f\u0131m\u0131z i\u00e7in, modern makineler yerine zeytin yapra\u011f\u0131 hasad\u0131n\u0131n geleneksel manuel y\u00f6ntemini kullan\u0131yoruz. Zeytin yapraklar\u0131 uyar\u0131c\u0131 etkisi ve ba\u011f\u0131\u015f\u0131kl\u0131k sisteminin do\u011fal koruyucusu ile anti-oksidan (bitkisel finolik)&#8217;in do\u011fal \u00f6zelliklerini korumak i\u00e7in derhal \u00f6zel koruyuculara i\u015flenir ve paketlenir. (bitkisel finolik)&#8217;i ay\u0131rt eden \u015fey, C vitaminden% 40&#8217;tan fazla antioksidand\u0131r.<\/p>\n<p><strong>i\u00e7indekiler:<\/strong><\/p>\n<p>Ye\u015fil zeytin yapra\u011f\u0131 + Do\u011fal \u00a0lavanta<\/p>\n<p><strong>\u00dcretim \u00fclkesi:<\/strong><\/p>\n<p>T\u00fcrkiye<\/p>\n","protected":false},"excerpt":{"rendered":"<p>Zeytin yapra\u011f\u0131 \u00e7ay\u0131 do\u011fal lezzetinin tad\u0131n\u0131 \u00e7\u0131kar\u0131n. V\u00fccudun ba\u011f\u0131\u015f\u0131kl\u0131k sisteminin uyar\u0131c\u0131 etkisi ve do\u011fal korumas\u0131 ile e\u015fsiz bir antioksidan do\u011fal sa\u011fl\u0131k i\u00e7ece\u011fi.<\/p>\n<p>\u015ea\u015f\u0131rt\u0131c\u0131 derecede ho\u015f bir tat, ye\u015fil \u00e7ay\u0131 a\u015far.<\/p>\n","protected":false},"featured_media":2826,"comment_status":"open","ping_status":"closed","template":"","meta":[],"product_cat":[95],"product_tag":[],"class_list":{"0":"post-9115","1":"product","2":"type-product","3":"status-publish","4":"has-post-thumbnail","6":"product_cat-cay","8":"first","9":"instock","10":"shipping-taxable","11":"product-type-simple","12":"col-xs-6 col-sm-4","13":"col-md-3 col-lg-3","14":"un-4-cols"},"_links":{"self":[{"href":"https:\/\/firstpashacoffee.com\/tr\/wp-json\/wp\/v2\/product\/9115"}],"collection":[{"href":"https:\/\/firstpashacoffee.com\/tr\/wp-json\/wp\/v2\/product"}],"about":[{"href":"https:\/\/firstpashacoffee.com\/tr\/wp-json\/wp\/v2\/types\/product"}],"replies":[{"embeddable":true,"href":"https:\/\/firstpashacoffee.com\/tr\/wp-json\/wp\/v2\/comments?post=9115"}],"version-history":[{"count":3,"href":"https:\/\/firstpashacoffee.com\/tr\/wp-json\/wp\/v2\/product\/9115\/revisions"}],"predecessor-version":[{"id":9137,"href":"https:\/\/firstpashacoffee.com\/tr\/wp-json\/wp\/v2\/product\/9115\/revisions\/9137"}],"wp:featuredmedia":[{"embeddable":true,"href":"https:\/\/firstpashacoffee.com\/tr\/wp-json\/wp\/v2\/media\/2826"}],"wp:attachment":[{"href":"https:\/\/firstpashacoffee.com\/tr\/wp-json\/wp\/v2\/media?parent=9115"}],"wp:term":[{"taxonomy":"product_cat","embeddable":true,"href":"https:\/\/firstpashacoffee.com\/tr\/wp-json\/wp\/v2\/product_cat?post=9115"},{"taxonomy":"product_tag","embeddable":true,"href":"https:\/\/firstpashacoffee.com\/tr\/wp-json\/wp\/v2\/product_tag?post=9115"}],"curies":[{"name":"wp","href":"https:\/\/api.w.org\/{rel}","templated":true}]}}