{"id":9281,"date":"2020-06-27T13:28:56","date_gmt":"2020-06-27T10:28:56","guid":{"rendered":"https:\/\/firstpashacoffee.com\/product\/the-group-diamond-250-gm-silindir\/"},"modified":"2020-10-14T11:33:17","modified_gmt":"2020-10-14T08:33:17","slug":"the-group-diamond-250-gm-silindir","status":"publish","type":"product","link":"https:\/\/firstpashacoffee.com\/tr\/urun\/the-group-diamond-250-gm-silindir\/","title":{"rendered":"P\u0131rlanta Grubu 250 gr first Pa\u015fa Kahvesi"},"content":{"rendered":"<p>\u201cDaha \u00f6nce i\u00e7ti\u011fin t\u00fcm kahveyi unutman\u0131 sa\u011flayacakt\u0131r\u201d!!!<\/p>\n<p>Sevdiklerinize bir inci kolye gibidir.<\/p>\n<p>E\u015fsiz kahve bilenleri ve uzmanlar\u0131 i\u00e7in \u00fc\u00e7 zengin ve do\u011fal kategoriden olu\u015fur.<\/p>\n<p>Bu kahve se\u00e7imi \u00fcst\u00fcn kaliteli Yemen kahvesi ve Brezilya kahvesi Arabika&#8217;dan \u00fcretilmi\u015ftir.<\/p>\n<p>D\u00fcnyada ilk kez zeytin kahvenin antioksidan kar\u0131\u015f\u0131m\u0131na ek olarak.<\/p>\n<p>Do\u011fal kahvenin ve koruyucusuz kahvenin ola\u011fan\u00fcst\u00fc bir kalitesini ve tad\u0131n\u0131 elde etmek i\u00e7in, zevkinizi zenginle\u015ftirecek ve her zaman daha fazlas\u0131n\u0131 istemenizi sa\u011flayacak k\u00fclt\u00fcrel miras\u0131m\u0131z\u0131 tatmak i\u00e7in bu seti sunuyoruz.<\/p>\n<p>Art\u0131k her yudumla lezzet tutkusu ak\u0131\u015f\u0131n\u0131n tad\u0131n\u0131 \u00e7\u0131karabilirsiniz, zevkinizi zenginle\u015ftirecek ve her zaman daha fazlas\u0131n\u0131 istemenizi sa\u011flayacak k\u00fclt\u00fcrel miras\u0131m\u0131zd\u0131r.<\/p>\n<ul>\n<li><strong>Kahve t\u00fcr\u00fc<\/strong><\/li>\n<\/ul>\n<p>Kaliteli Yemen kahvesi, Brezilya Arabika kahvesi<\/p>\n<ul>\n<li><strong>K\u0131zartma derecesi<\/strong><\/li>\n<\/ul>\n<p>Orta K\u0131zartma<\/p>\n<ul>\n<li><strong>\u00d6\u011f\u00fctme derecesi<\/strong><\/li>\n<\/ul>\n<p>\u0130nce \u00f6\u011f\u00fctme<\/p>\n<ul>\n<li><strong>\u00dcretim yeri<\/strong><\/li>\n<\/ul>\n<p>Yemen \u2013 Brezilya<\/p>\n<ul>\n<li><strong>Malzemeler:% 100 do\u011fal<\/strong><\/li>\n<\/ul>\n<p>&#8211; Y\u00fcksek kaliteli Yemen kahvesi.<\/p>\n<p>&#8211; Brezilyal\u0131 Arabika kahvesi.<\/p>\n<p>&#8211; Do\u011fal zeytin kahvesi.<\/p>\n<p>&#8211; Damla sak\u0131z\u0131.<\/p>\n<p>-Kakule.<\/p>\n","protected":false},"excerpt":{"rendered":"<p>E\u015fsiz kahve bilenleri ve uzmanlar\u0131 i\u00e7in \u00fc\u00e7 zengin ve do\u011fal kategoriden olu\u015fan first Pa\u015fa&#8217;n\u0131n bu e\u015fsiz seti, sevdi\u011finiz ki\u015fiye bir inci kolye gibidir.<\/p>\n","protected":false},"featured_media":2911,"comment_status":"open","ping_status":"closed","template":"","meta":[],"product_cat":[105,106],"product_tag":[],"class_list":{"0":"post-9281","1":"product","2":"type-product","3":"status-publish","4":"has-post-thumbnail","6":"product_cat-first-pasa-kahvesi","7":"product_cat-silindir","9":"first","10":"instock","11":"shipping-taxable","12":"product-type-simple","13":"col-xs-6 col-sm-4","14":"col-md-3 col-lg-3","15":"un-4-cols"},"_links":{"self":[{"href":"https:\/\/firstpashacoffee.com\/tr\/wp-json\/wp\/v2\/product\/9281"}],"collection":[{"href":"https:\/\/firstpashacoffee.com\/tr\/wp-json\/wp\/v2\/product"}],"about":[{"href":"https:\/\/firstpashacoffee.com\/tr\/wp-json\/wp\/v2\/types\/product"}],"replies":[{"embeddable":true,"href":"https:\/\/firstpashacoffee.com\/tr\/wp-json\/wp\/v2\/comments?post=9281"}],"version-history":[{"count":2,"href":"https:\/\/firstpashacoffee.com\/tr\/wp-json\/wp\/v2\/product\/9281\/revisions"}],"predecessor-version":[{"id":9283,"href":"https:\/\/firstpashacoffee.com\/tr\/wp-json\/wp\/v2\/product\/9281\/revisions\/9283"}],"wp:featuredmedia":[{"embeddable":true,"href":"https:\/\/firstpashacoffee.com\/tr\/wp-json\/wp\/v2\/media\/2911"}],"wp:attachment":[{"href":"https:\/\/firstpashacoffee.com\/tr\/wp-json\/wp\/v2\/media?parent=9281"}],"wp:term":[{"taxonomy":"product_cat","embeddable":true,"href":"https:\/\/firstpashacoffee.com\/tr\/wp-json\/wp\/v2\/product_cat?post=9281"},{"taxonomy":"product_tag","embeddable":true,"href":"https:\/\/firstpashacoffee.com\/tr\/wp-json\/wp\/v2\/product_tag?post=9281"}],"curies":[{"name":"wp","href":"https:\/\/api.w.org\/{rel}","templated":true}]}}