{"id":9296,"date":"2020-07-22T22:02:56","date_gmt":"2020-07-22T19:02:56","guid":{"rendered":"https:\/\/firstpashacoffee.com\/product\/the-group-golden-100-gm\/"},"modified":"2024-06-15T02:22:03","modified_gmt":"2024-06-14T23:22:03","slug":"the-group-golden-100-gm","status":"publish","type":"product","link":"https:\/\/firstpashacoffee.com\/tr\/urun\/the-group-golden-100-gm\/","title":{"rendered":"Alt\u0131n Grubu 100 gr first Pa\u015fa Kahvesi"},"content":{"rendered":"<p>\u201cDaha \u00f6nce i\u00e7ti\u011fin t\u00fcm kahveyi unutman\u0131 sa\u011flayacakt\u0131r\u201d!!!<\/p>\n<p>Bu set, kahve severlere \u00f6zel olarak yap\u0131ld\u0131\u011f\u0131 i\u00e7in sevdiklerinize bir hediye olarak al\u0131n\u0131r.<\/p>\n<p>Do\u011fal kahvenin ola\u011fan\u00fcst\u00fc kalitesi ve tad\u0131 e\u015fsiz olsun diye kahve bilenleri ve uzmanlar\u0131 i\u00e7in l\u00fcks bir hediye olarak% 100 do\u011fal ve zengin \u00fc\u00e7 lezzeti i\u00e7erir.<\/p>\n<p>first Pa\u015fa kahvesi se\u00e7ilmi\u015f kaliteli Yemen kahvesi ve Brezilya (Arabika) kahvesinden yap\u0131lm\u0131\u015ft\u0131r.<\/p>\n<p>ve d\u00fcnyada ilk kez, Koruyucu i\u00e7ermeyen antioksidan zeytin kahvesi kar\u0131\u015f\u0131m\u0131na ek olarak.<\/p>\n<p>Bu, sizi duyular\u0131n\u0131z\u0131 uyand\u0131ran her yudumla kahvenin harika lezzetlerini ke\u015ffetmeye davet eden do\u011fal kar\u0131\u015f\u0131md\u0131r. Kahvenin do\u011fal aromas\u0131 ve kahvenizin g\u00fczel kokmas\u0131n\u0131 sa\u011flamak ve t\u00fcm d\u00fcnyadaki kahve severlerin kalplerini b\u00fcy\u00fcleyen e\u015fsiz lezzetin tad\u0131n\u0131 \u00e7\u0131karmak i\u00e7in kakule ve Damla sak\u0131z\u0131 aromas\u0131yla.<\/p>\n<p>Art\u0131k her yudumla lezzet tutkusu ak\u0131\u015f\u0131n\u0131n tad\u0131n\u0131 \u00e7\u0131karabilirsiniz, zevkinizi zenginle\u015ftirecek ve her zaman daha fazlas\u0131n\u0131 istemenizi sa\u011flayacak k\u00fclt\u00fcrel miras\u0131m\u0131zd\u0131r.<\/p>\n<ul>\n<li><strong>Kahve t\u00fcr\u00fc<\/strong><\/li>\n<\/ul>\n<p>Kaliteli Yemen kahvesi, Brezilya Arabika kahvesi<\/p>\n<ul>\n<li><strong>K\u0131zartma derecesi<\/strong><\/li>\n<\/ul>\n<p>Orta K\u0131zartma<\/p>\n<ul>\n<li><strong>\u00d6\u011f\u00fctme derecesi<\/strong><\/li>\n<\/ul>\n<p>\u0130nce \u00f6\u011f\u00fctme<\/p>\n<ul>\n<li><strong>\u00dcretim yeri<\/strong><\/li>\n<\/ul>\n<p>Yemen \u2013 Brezilya<\/p>\n<ul>\n<li><strong>Malzemeler:% 100 do\u011fal<\/strong><\/li>\n<\/ul>\n<p>\u2013 Y\u00fcksek kaliteli Yemen kahvesi.<\/p>\n<p>\u2013 Brezilyal\u0131 Arabika kahvesi.<\/p>\n<p>\u2013 Do\u011fal zeytin kahvesi.<\/p>\n<p>\u2013 Damla sak\u0131z\u0131.<\/p>\n<p>-Kakule.<\/p>\n","protected":false},"excerpt":{"rendered":"<p style=\"text-align: left;\">Do\u011fal kahvenin ola\u011fan\u00fcst\u00fc kalitesi ve tad\u0131 e\u015fsiz olsun diye kahve bilenleri ve uzmanlar\u0131 i\u00e7in l\u00fcks bir hediye olarak% 100 do\u011fal ve zengin \u00fc\u00e7 lezzeti i\u00e7erir.<\/p>\n","protected":false},"featured_media":2908,"comment_status":"open","ping_status":"closed","template":"","meta":[],"product_cat":[105,106],"product_tag":[],"class_list":{"0":"post-9296","1":"product","2":"type-product","3":"status-publish","4":"has-post-thumbnail","6":"product_cat-first-pasa-kahvesi","7":"product_cat-silindir","9":"first","10":"instock","11":"shipping-taxable","12":"product-type-simple","13":"col-xs-6 col-sm-4","14":"col-md-3 col-lg-3","15":"un-4-cols"},"_links":{"self":[{"href":"https:\/\/firstpashacoffee.com\/tr\/wp-json\/wp\/v2\/product\/9296"}],"collection":[{"href":"https:\/\/firstpashacoffee.com\/tr\/wp-json\/wp\/v2\/product"}],"about":[{"href":"https:\/\/firstpashacoffee.com\/tr\/wp-json\/wp\/v2\/types\/product"}],"replies":[{"embeddable":true,"href":"https:\/\/firstpashacoffee.com\/tr\/wp-json\/wp\/v2\/comments?post=9296"}],"version-history":[{"count":2,"href":"https:\/\/firstpashacoffee.com\/tr\/wp-json\/wp\/v2\/product\/9296\/revisions"}],"predecessor-version":[{"id":9300,"href":"https:\/\/firstpashacoffee.com\/tr\/wp-json\/wp\/v2\/product\/9296\/revisions\/9300"}],"wp:featuredmedia":[{"embeddable":true,"href":"https:\/\/firstpashacoffee.com\/tr\/wp-json\/wp\/v2\/media\/2908"}],"wp:attachment":[{"href":"https:\/\/firstpashacoffee.com\/tr\/wp-json\/wp\/v2\/media?parent=9296"}],"wp:term":[{"taxonomy":"product_cat","embeddable":true,"href":"https:\/\/firstpashacoffee.com\/tr\/wp-json\/wp\/v2\/product_cat?post=9296"},{"taxonomy":"product_tag","embeddable":true,"href":"https:\/\/firstpashacoffee.com\/tr\/wp-json\/wp\/v2\/product_tag?post=9296"}],"curies":[{"name":"wp","href":"https:\/\/api.w.org\/{rel}","templated":true}]}}